{"id":1072,"date":"2017-06-06T15:04:49","date_gmt":"2017-06-06T13:04:49","guid":{"rendered":"http:\/\/www.global-players-consulting.de\/?page_id=1072"},"modified":"2024-11-05T18:04:43","modified_gmt":"2024-11-05T17:04:43","slug":"projektmanagement-prozesse","status":"publish","type":"page","link":"https:\/\/global-players-consulting.de\/en\/projektmanagement-loesungen\/projektmanagement-prozesse\/","title":{"rendered":"Project Management by Global Players Consulting"},"content":{"rendered":"<p><meta name=\"theme-color\" content=\"#003E90\"><\/p>\n<div class=\"accordion\">\n<section>\n<hgroup>\n  We provide structure and uniformity to your project processes<span class=\"pfeil\">\u25bc<\/span><br \/>\n <\/hgroup>\n<article>\n Standardized processes for project management should be part of a professional organisation as well as effectice tools and excellently skilled project professionals.<\/p>\n<p>We assist you establishing a homogenous and efficient procedure for all projects in your organisation unit: <\/p>\n<ul>\n<li>Analysis of used project processes<\/li>\n<li>Optimization of existing and definition of new, standardized project management processes along the project life cycle from initiation via planning, execution and implementation to final acceptance and closure.<\/li>\n<li>Elaboration of a project management manual to establish uniform wording and understanding.<\/li>\n<li>Configuration and optimization of a project management tool-set with techniques, templates, and tools.<\/li>\n<li>Our own project process model rests on standardized models and provides a &#8220;out-of-the box-solution&#8221; to start off quickly.<\/li>\n<\/ul>\n<p><strong>Our process model for projects<\/strong><\/p>\n<p><img decoding=\"async\" class=\"img\" src=\"https:\/\/www.global-players-consulting.de\/wp-content\/uploads\/2017\/12\/Pro-Cedo.png\" alt=\"Pro-Cedo by GPC\"><br \/>\n <\/article>\n<\/section>\n<section>\n<hgroup>\nProject Management by Global Players Consulting \u2013 Solution references<span class=\"pfeil\">\u25bc<\/span><br \/>\n <\/hgroup>\n<article>\n<div class=\"eingeklappt ueberpunkt\">\n   <span style=\"cursor:pointer;\" onclick=\"document.getElementById('gemeinsam_text').style.display='block';document.getElementById('gemeinsam_an').style.display='none';     document.getElementById('gemeinsam_zu').style.display='block'\" id=\"gemeinsam_an\" style=\"display: block\">Corporate-wide project standard for technology projects <span class=\"pfeil\">\u25bc<\/span><br \/>\n   <\/span><br \/>\n   <span onclick=\"document.getElementById('gemeinsam_text').style.display='none';document.getElementById('gemeinsam_an').style.display='block';document.getElementById('gemeinsam_zu').style.display='none'\"      id=\"gemeinsam_zu\" style=\"display: none;cursor:pointer\">Corporate-wide project standard for technology projects <span class=\"pfeil\">\u25b2<\/span><br \/>\n   <\/span>\n <\/div>\n<div id=\"gemeinsam_text\" class=\"ausgeklappt\" style=\"display: none\">\n<p>  2014: A company in aerospace\u2013technology industry launched a project to harmonize project management processes corporate-wide. We were given the mandate to assess processes and to define a standardized process model.  Furthermore, suitable software should be selected to support project portfolio management, enterprise resource planning, multi-project-management and commercial project controlling.<\/p>\n<p>Our services comprised:<\/p>\n<ul>\n<li>Collection of requirements and description of future project management processes in several workshops with project managers<\/li>\n<li>Structure and layout of project management manual based on PMI<sup>\u00ae<\/sup> process groups and knowledge areas according to PMBOK<sup>\u00ae<\/sup> Guide<\/li>\n<li>Evaluation of software offers and organisation of bidding conferences<\/li>\n<li>Preparation of test setup<\/li>\n<\/ul>\n<p>PMI<sup>\u00ae<\/sup> and PMBOK<sup>\u00ae<\/sup> are registered trademarks of Project Management Institute Inc.\n   <\/div>\n<div class=\"eingeklappt ueberpunkt\">\n   <span style=\"cursor:pointer;\" onclick=\"document.getElementById('digital_text').style.display='block';document.getElementById('digital_an').style.display='none';     document.getElementById('digital_zu').style.display='block'\" id=\"digital_an\" style=\"display: block\">Standardized project process model for digitization projects<span class=\"pfeil\">\u25bc<\/span><br \/>\n   <\/span><br \/>\n   <span onclick=\"document.getElementById('digital_text').style.display='none';document.getElementById('digital_an').style.display='block';document.getElementById('digital_zu').style.display='none'\"      id=\"digital_zu\" style=\"display: none;cursor:pointer\">Standardized project process model for digitization projects<span class=\"pfeil\">\u25b2<\/span><br \/>\n   <\/span>\n <\/div>\n<div id=\"digital_text\" class=\"ausgeklappt\" style=\"display: none\">\n2016: A digital marketing agency requests us to elaborate a process model and a guideline for planning and execution of digitization projects. <\/p>\n<p>In close collaboration with owners, project managers and project team members we developed a process model based on our PM process model, starting by customer quotation  via project kick-off, the design phases to execution, QA and final approval.\n   <\/p><\/div>\n<\/article>\n<\/section>\n<\/div>\n<p><script src=\"https:\/\/ajax.googleapis.com\/ajax\/libs\/jquery\/1.6.2\/jquery.min.js\"><\/script><br \/>\n  <script src=\"https:\/\/global-players-consulting.de\/accordly.js\"><\/script><br \/>\n<script>\n  $('.accordion').accordy({\n    });\n<\/script><\/p>\n<div class=\"kacheln\">\n<a href=\"https:\/\/www.global-players-consulting.de\/index.php\/projektmanagement-solutions\/projektmanagement-agil-kanban-scrumban\/\"><\/p>\n<div class=\"kachel\">Pro-gile <br \/> Agile PM-Tool<\/div>\n<p><\/a>\n<\/div>\n<p><\/p>","protected":false},"excerpt":{"rendered":"<p>We provide structure and uniformity to your project processes\u25bc Standardized processes for project management should be part of a professional organisation as well as effectice tools and excellently skilled project professionals. We assist you establishing a homogenous and efficient procedure<\/p>\n","protected":false},"author":2,"featured_media":0,"parent":934,"menu_order":0,"comment_status":"closed","ping_status":"closed","template":"","meta":{"footnotes":""},"class_list":["post-1072","page","type-page","status-publish","hentry"],"yoast_head":"<!-- This site is optimized with the Yoast SEO plugin v27.4 - https:\/\/yoast.com\/product\/yoast-seo-wordpress\/ -->\n<title>Project Management by Global Players Consulting - Global Players Consulting GmbH<\/title>\n<meta name=\"description\" content=\"Pro-Cedo by Global Players Consulting: Wir unterst\u00fctzen Sie beim Aufbau eines einheitlichen und effizienten Vorgehens f\u00fcr alle Projekte in Ihrer Organisation!Wir unterst\u00fctzen Sie beim Aufbau eines einheitlichen und effizienten Vorgehens f\u00fcr alle Projekte in Ihrer Organisation!\" \/>\n<meta name=\"robots\" content=\"index, follow, max-snippet:-1, max-image-preview:large, max-video-preview:-1\" \/>\n<link rel=\"canonical\" href=\"https:\/\/global-players-consulting.de\/projektmanagement-loesungen\/projektmanagement-prozesse\/\" \/>\n<meta property=\"og:locale\" content=\"en_US\" \/>\n<meta property=\"og:type\" content=\"article\" \/>\n<meta property=\"og:title\" content=\"Project Management by Global Players Consulting - Global Players Consulting GmbH\" \/>\n<meta property=\"og:description\" content=\"{:de}Pro-Cedo by Global Players Consulting: Wir unterst\u00fctzen Sie beim Aufbau eines einheitlichen und effizienten Vorgehens f\u00fcr alle Projekte in Ihrer Organisation!Wir unterst\u00fctzen Sie beim Aufbau eines einheitlichen und effizienten Vorgehens f\u00fcr alle Projekte in Ihrer Organisation!{:}\" \/>\n<meta property=\"og:url\" content=\"https:\/\/global-players-consulting.de\/projektmanagement-loesungen\/projektmanagement-prozesse\/\" \/>\n<meta property=\"og:site_name\" content=\"Global Players Consulting GmbH\" \/>\n<meta property=\"article:modified_time\" content=\"2024-11-05T17:04:43+00:00\" \/>\n<meta property=\"og:image\" content=\"https:\/\/www.global-players-consulting.de\/wp-content\/uploads\/2018\/03\/Mr.Pro_ProCedoSolution.png\" \/>\n<meta name=\"twitter:card\" content=\"summary_large_image\" \/>\n<meta name=\"twitter:label1\" content=\"Est. reading time\" \/>\n\t<meta name=\"twitter:data1\" content=\"5 minutes\" \/>\n<script type=\"application\/ld+json\" class=\"yoast-schema-graph\">{\"@context\":\"https:\\\/\\\/schema.org\",\"@graph\":[{\"@type\":\"WebPage\",\"@id\":\"https:\\\/\\\/global-players-consulting.de\\\/projektmanagement-loesungen\\\/projektmanagement-prozesse\\\/\",\"url\":\"https:\\\/\\\/global-players-consulting.de\\\/projektmanagement-loesungen\\\/projektmanagement-prozesse\\\/\",\"name\":\"Project Management by Global Players Consulting - Global Players Consulting GmbH\",\"isPartOf\":{\"@id\":\"https:\\\/\\\/global-players-consulting.de\\\/#website\"},\"primaryImageOfPage\":{\"@id\":\"https:\\\/\\\/global-players-consulting.de\\\/projektmanagement-loesungen\\\/projektmanagement-prozesse\\\/#primaryimage\"},\"image\":{\"@id\":\"https:\\\/\\\/global-players-consulting.de\\\/projektmanagement-loesungen\\\/projektmanagement-prozesse\\\/#primaryimage\"},\"thumbnailUrl\":\"https:\\\/\\\/www.global-players-consulting.de\\\/wp-content\\\/uploads\\\/2018\\\/03\\\/Mr.Pro_ProCedoSolution.png\",\"datePublished\":\"2017-06-06T13:04:49+00:00\",\"dateModified\":\"2024-11-05T17:04:43+00:00\",\"description\":\"{:de}Pro-Cedo by Global Players Consulting: Wir unterst\u00fctzen Sie beim Aufbau eines einheitlichen und effizienten Vorgehens f\u00fcr alle Projekte in Ihrer Organisation!Wir unterst\u00fctzen Sie beim Aufbau eines einheitlichen und effizienten Vorgehens f\u00fcr alle Projekte in Ihrer Organisation!{:}\",\"breadcrumb\":{\"@id\":\"https:\\\/\\\/global-players-consulting.de\\\/projektmanagement-loesungen\\\/projektmanagement-prozesse\\\/#breadcrumb\"},\"inLanguage\":\"en-US\",\"potentialAction\":[{\"@type\":\"ReadAction\",\"target\":[\"https:\\\/\\\/global-players-consulting.de\\\/projektmanagement-loesungen\\\/projektmanagement-prozesse\\\/\"]}]},{\"@type\":\"ImageObject\",\"inLanguage\":\"en-US\",\"@id\":\"https:\\\/\\\/global-players-consulting.de\\\/projektmanagement-loesungen\\\/projektmanagement-prozesse\\\/#primaryimage\",\"url\":\"https:\\\/\\\/www.global-players-consulting.de\\\/wp-content\\\/uploads\\\/2018\\\/03\\\/Mr.Pro_ProCedoSolution.png\",\"contentUrl\":\"https:\\\/\\\/www.global-players-consulting.de\\\/wp-content\\\/uploads\\\/2018\\\/03\\\/Mr.Pro_ProCedoSolution.png\"},{\"@type\":\"BreadcrumbList\",\"@id\":\"https:\\\/\\\/global-players-consulting.de\\\/projektmanagement-loesungen\\\/projektmanagement-prozesse\\\/#breadcrumb\",\"itemListElement\":[{\"@type\":\"ListItem\",\"position\":1,\"name\":\"Startseite\",\"item\":\"https:\\\/\\\/global-players-consulting.de\\\/\"},{\"@type\":\"ListItem\",\"position\":2,\"name\":\"Projektmanagement Solutions\",\"item\":\"https:\\\/\\\/global-players-consulting.de\\\/projektmanagement-loesungen\\\/\"},{\"@type\":\"ListItem\",\"position\":3,\"name\":\"Projektmanagement by Global Players Consulting\"}]},{\"@type\":\"WebSite\",\"@id\":\"https:\\\/\\\/global-players-consulting.de\\\/#website\",\"url\":\"https:\\\/\\\/global-players-consulting.de\\\/\",\"name\":\"Global Players Consulting GmbH\",\"description\":\"Competence in Project Business\",\"publisher\":{\"@id\":\"https:\\\/\\\/global-players-consulting.de\\\/#organization\"},\"potentialAction\":[{\"@type\":\"SearchAction\",\"target\":{\"@type\":\"EntryPoint\",\"urlTemplate\":\"https:\\\/\\\/global-players-consulting.de\\\/?s={search_term_string}\"},\"query-input\":{\"@type\":\"PropertyValueSpecification\",\"valueRequired\":true,\"valueName\":\"search_term_string\"}}],\"inLanguage\":\"en-US\"},{\"@type\":\"Organization\",\"@id\":\"https:\\\/\\\/global-players-consulting.de\\\/#organization\",\"name\":\"Global Players Consulting GmbH\",\"url\":\"https:\\\/\\\/global-players-consulting.de\\\/\",\"logo\":{\"@type\":\"ImageObject\",\"inLanguage\":\"en-US\",\"@id\":\"https:\\\/\\\/global-players-consulting.de\\\/#\\\/schema\\\/logo\\\/image\\\/\",\"url\":\"https:\\\/\\\/global-players-consulting.de\\\/wp-content\\\/uploads\\\/2017\\\/01\\\/cropped-cropped-GPC-Logo_ohne_Untertitel-2-1.png\",\"contentUrl\":\"https:\\\/\\\/global-players-consulting.de\\\/wp-content\\\/uploads\\\/2017\\\/01\\\/cropped-cropped-GPC-Logo_ohne_Untertitel-2-1.png\",\"width\":615,\"height\":538,\"caption\":\"Global Players Consulting GmbH\"},\"image\":{\"@id\":\"https:\\\/\\\/global-players-consulting.de\\\/#\\\/schema\\\/logo\\\/image\\\/\"}}]}<\/script>\n<!-- \/ Yoast SEO plugin. -->","yoast_head_json":{"title":"Project Management by Global Players Consulting - Global Players Consulting GmbH","description":"Pro-Cedo by Global Players Consulting: Wir unterst\u00fctzen Sie beim Aufbau eines einheitlichen und effizienten Vorgehens f\u00fcr alle Projekte in Ihrer Organisation!Wir unterst\u00fctzen Sie beim Aufbau eines einheitlichen und effizienten Vorgehens f\u00fcr alle Projekte in Ihrer Organisation!","robots":{"index":"index","follow":"follow","max-snippet":"max-snippet:-1","max-image-preview":"max-image-preview:large","max-video-preview":"max-video-preview:-1"},"canonical":"https:\/\/global-players-consulting.de\/projektmanagement-loesungen\/projektmanagement-prozesse\/","og_locale":"en_US","og_type":"article","og_title":"Project Management by Global Players Consulting - Global Players Consulting GmbH","og_description":"{:de}Pro-Cedo by Global Players Consulting: Wir unterst\u00fctzen Sie beim Aufbau eines einheitlichen und effizienten Vorgehens f\u00fcr alle Projekte in Ihrer Organisation!Wir unterst\u00fctzen Sie beim Aufbau eines einheitlichen und effizienten Vorgehens f\u00fcr alle Projekte in Ihrer Organisation!{:}","og_url":"https:\/\/global-players-consulting.de\/projektmanagement-loesungen\/projektmanagement-prozesse\/","og_site_name":"Global Players Consulting GmbH","article_modified_time":"2024-11-05T17:04:43+00:00","og_image":[{"url":"https:\/\/www.global-players-consulting.de\/wp-content\/uploads\/2018\/03\/Mr.Pro_ProCedoSolution.png","type":"","width":"","height":""}],"twitter_card":"summary_large_image","twitter_misc":{"Est. reading time":"5 minutes"},"schema":{"@context":"https:\/\/schema.org","@graph":[{"@type":"WebPage","@id":"https:\/\/global-players-consulting.de\/projektmanagement-loesungen\/projektmanagement-prozesse\/","url":"https:\/\/global-players-consulting.de\/projektmanagement-loesungen\/projektmanagement-prozesse\/","name":"Project Management by Global Players Consulting - Global Players Consulting GmbH","isPartOf":{"@id":"https:\/\/global-players-consulting.de\/#website"},"primaryImageOfPage":{"@id":"https:\/\/global-players-consulting.de\/projektmanagement-loesungen\/projektmanagement-prozesse\/#primaryimage"},"image":{"@id":"https:\/\/global-players-consulting.de\/projektmanagement-loesungen\/projektmanagement-prozesse\/#primaryimage"},"thumbnailUrl":"https:\/\/www.global-players-consulting.de\/wp-content\/uploads\/2018\/03\/Mr.Pro_ProCedoSolution.png","datePublished":"2017-06-06T13:04:49+00:00","dateModified":"2024-11-05T17:04:43+00:00","description":"{:de}Pro-Cedo by Global Players Consulting: Wir unterst\u00fctzen Sie beim Aufbau eines einheitlichen und effizienten Vorgehens f\u00fcr alle Projekte in Ihrer Organisation!Wir unterst\u00fctzen Sie beim Aufbau eines einheitlichen und effizienten Vorgehens f\u00fcr alle Projekte in Ihrer Organisation!{:}","breadcrumb":{"@id":"https:\/\/global-players-consulting.de\/projektmanagement-loesungen\/projektmanagement-prozesse\/#breadcrumb"},"inLanguage":"en-US","potentialAction":[{"@type":"ReadAction","target":["https:\/\/global-players-consulting.de\/projektmanagement-loesungen\/projektmanagement-prozesse\/"]}]},{"@type":"ImageObject","inLanguage":"en-US","@id":"https:\/\/global-players-consulting.de\/projektmanagement-loesungen\/projektmanagement-prozesse\/#primaryimage","url":"https:\/\/www.global-players-consulting.de\/wp-content\/uploads\/2018\/03\/Mr.Pro_ProCedoSolution.png","contentUrl":"https:\/\/www.global-players-consulting.de\/wp-content\/uploads\/2018\/03\/Mr.Pro_ProCedoSolution.png"},{"@type":"BreadcrumbList","@id":"https:\/\/global-players-consulting.de\/projektmanagement-loesungen\/projektmanagement-prozesse\/#breadcrumb","itemListElement":[{"@type":"ListItem","position":1,"name":"Startseite","item":"https:\/\/global-players-consulting.de\/"},{"@type":"ListItem","position":2,"name":"Projektmanagement Solutions","item":"https:\/\/global-players-consulting.de\/projektmanagement-loesungen\/"},{"@type":"ListItem","position":3,"name":"Projektmanagement by Global Players Consulting"}]},{"@type":"WebSite","@id":"https:\/\/global-players-consulting.de\/#website","url":"https:\/\/global-players-consulting.de\/","name":"Global Players Consulting GmbH","description":"Competence in Project Business","publisher":{"@id":"https:\/\/global-players-consulting.de\/#organization"},"potentialAction":[{"@type":"SearchAction","target":{"@type":"EntryPoint","urlTemplate":"https:\/\/global-players-consulting.de\/?s={search_term_string}"},"query-input":{"@type":"PropertyValueSpecification","valueRequired":true,"valueName":"search_term_string"}}],"inLanguage":"en-US"},{"@type":"Organization","@id":"https:\/\/global-players-consulting.de\/#organization","name":"Global Players Consulting GmbH","url":"https:\/\/global-players-consulting.de\/","logo":{"@type":"ImageObject","inLanguage":"en-US","@id":"https:\/\/global-players-consulting.de\/#\/schema\/logo\/image\/","url":"https:\/\/global-players-consulting.de\/wp-content\/uploads\/2017\/01\/cropped-cropped-GPC-Logo_ohne_Untertitel-2-1.png","contentUrl":"https:\/\/global-players-consulting.de\/wp-content\/uploads\/2017\/01\/cropped-cropped-GPC-Logo_ohne_Untertitel-2-1.png","width":615,"height":538,"caption":"Global Players Consulting GmbH"},"image":{"@id":"https:\/\/global-players-consulting.de\/#\/schema\/logo\/image\/"}}]}},"_links":{"self":[{"href":"https:\/\/global-players-consulting.de\/en\/wp-json\/wp\/v2\/pages\/1072","targetHints":{"allow":["GET"]}}],"collection":[{"href":"https:\/\/global-players-consulting.de\/en\/wp-json\/wp\/v2\/pages"}],"about":[{"href":"https:\/\/global-players-consulting.de\/en\/wp-json\/wp\/v2\/types\/page"}],"author":[{"embeddable":true,"href":"https:\/\/global-players-consulting.de\/en\/wp-json\/wp\/v2\/users\/2"}],"replies":[{"embeddable":true,"href":"https:\/\/global-players-consulting.de\/en\/wp-json\/wp\/v2\/comments?post=1072"}],"version-history":[{"count":38,"href":"https:\/\/global-players-consulting.de\/en\/wp-json\/wp\/v2\/pages\/1072\/revisions"}],"predecessor-version":[{"id":3163,"href":"https:\/\/global-players-consulting.de\/en\/wp-json\/wp\/v2\/pages\/1072\/revisions\/3163"}],"up":[{"embeddable":true,"href":"https:\/\/global-players-consulting.de\/en\/wp-json\/wp\/v2\/pages\/934"}],"wp:attachment":[{"href":"https:\/\/global-players-consulting.de\/en\/wp-json\/wp\/v2\/media?parent=1072"}],"curies":[{"name":"wp","href":"https:\/\/api.w.org\/{rel}","templated":true}]}}