{"id":2058,"date":"2018-05-03T16:07:14","date_gmt":"2018-05-03T14:07:14","guid":{"rendered":"http:\/\/www.global-players-consulting.de\/?page_id=2058"},"modified":"2018-06-12T11:34:34","modified_gmt":"2018-06-12T09:34:34","slug":"procert-seminar","status":"publish","type":"page","link":"https:\/\/global-players-consulting.de\/en\/procert-seminar\/","title":{"rendered":"ProCert &#8211; Seminar"},"content":{"rendered":"<p class=\"qtranxs-available-languages-message qtranxs-available-languages-message-en\">Sorry, this entry is only available in <a href=\"https:\/\/global-players-consulting.de\/de\/wp-json\/wp\/v2\/pages\/2058\" class=\"qtranxs-available-language-link qtranxs-available-language-link-de\" title=\"Deutsch\">Deutsch<\/a>. For the sake of viewer convenience, the content is shown below in the alternative language. You may click the link to switch the active language.<\/p><p><\/p>\n<div class=\"seminar\u00fcberschrift\">ProCERT <br \/>Projektmanagement &#8211; Intensivtraining inkl. Vorbereitung zur PMP<sup>\u00ae<\/sup> bzw. CAPM<sup>\u00ae<\/sup> Zertifizierung<\/div>\n<p>Ziele der f\u00fcnf Seminartage umfassenden Ma\u00dfnahme \u201ePro-CERT\u201c sind:<\/p>\n<ul>\n<li>Vermittlung des erforderlichen Wissens f\u00fcr die von PMI<sup>\u00ae<\/sup> angebotenen Zertifizierungen zum Project Management Professional (PMP<sup>\u00ae<\/sup>), bzw. zum Certified Associate in Project Management (CAPM<sup>\u00ae<\/sup>). Wissensbasis ist das offizielle Lehrbuch  \u201cA Guide to the Project Management Body of Knowledge\u201d (PMBOK<sup>\u00ae<\/sup>), 5. Ausgabe (englische, wahlweise deutsche Version), Hrsg. Project Management Institute, Inc.,<\/li>\n<li>Erlangung von Kenntnissen \u00fcber methodisches Vorgehen in Projekten in Anlehnung an standardisierte, von PMI<sup>\u00ae<\/sup> empfohlene Vorgehensmodelle und Methoden,<\/li>\n<li>Bereitstellung von Informationen zur Vorbereitung und Durchf\u00fchrung der Zertifizierungs-pr\u00fcfungen zum PMP<sup>\u00ae<\/sup> bzw. CAPM<sup>\u00ae<\/sup> gem\u00e4\u00df der jeweils aktuellen Pr\u00fcfungsordnungen des PMI<sup>\u00ae<\/sup> (PMP<sup>\u00ae<\/sup> Handbook, Examination Content Outline PMP<sup>\u00ae<\/sup>, CAPM<sup>\u00ae<\/sup> Handbook).<\/li>\n<\/ul>\n<p>Unser Training umfasst f\u00fcnf volle Trainingstage \u00e0 7,5 Stunden, die modulartig aufeinander aufbauen. <\/p>\n<p>Wir behandeln alle Prozessgruppen und Wissensbereiche des PMI<sup>\u00ae<\/sup>-Standards nach PMBOK<sup>\u00ae<\/sup> Guide in der neusten Fassung. Darin enthalten sind sowohl alle Elemente des klassischen Projektmanagements als auch Grundlagen agiler Vorgehensweisen und Methoden.<\/p>\n<p><strong>Mit der Teilnahme an diesem Training erf\u00fcllen die Teilnehmer eine der Zulassungsvoraussetzungen zur Zertifizierung zum \u201eCertified Associate in Project Management<sup>\u00ae<\/sup> (CAPM<sup>\u00ae<\/sup>)\u201c, bzw. zum \u201eProject Management Professional<sup>\u00ae<\/sup> (PMP<sup>\u00ae<\/sup>)\u201c nach PMI<sup>\u00ae<\/sup>.<\/strong><\/p>\n<p>Neu: In dieses Training ist die Projektsimulation projactivity<sup>\u00ae<\/sup> integriert, bei der die Seminarteilnehmer nach dem \u201eBlended Learning Konzept\u201c interaktiv ein Projekt planen und steuern und somit das theoretisch vermittelte Wissen festigen k\u00f6nnen. <\/p>\n<p>Sie erhalten unmittelbares Feedback zu den Projektergebnissen und lernen so, wie Erwachsene am besten lernen: aus den Konsequenzen ihrer eigenen Aktionen.<\/p>\n<p><img decoding=\"async\" class=\"img\" src=\"https:\/\/global-players-consulting.de\/wp-content\/uploads\/2018\/04\/organisation_04_750px.png\" alt=\"projactivity\u00ae\"><br \/>\nWir kooperieren hier mit der Firma Getoq aus Bremen und setzen deren Projektsimulation projactivity<sup>\u00ae<\/sup> in unseren Seminaren ein. <\/p>\n<div class=\"accordion\">\n<section>\n<hgroup>\n  Tag 1: \u201eVon der Idee zum Projekt\u201c<span class=\"pfeil\">\u25bc<\/span><br \/>\n <\/hgroup>\n<article>\n<ul>\n<li>Begr\u00fc\u00dfung \/ Kennenlernen \/ Organisatorisches \/ Zielsetzung<\/li>\n<li>Die PMI<sup>\u00ae<\/sup> Zertifizierungen zum PMP<sup>\u00ae<\/sup> und CAPM<sup>\u00ae<\/sup> <\/li>\n<li>Grundlagen des Projektmanagements gem\u00e4\u00df PMBOK<sup>\u00ae<\/sup><\/li>\n<li>Prozesse der Projektinitiierung gem\u00e4\u00df PMBOK<sup>\u00ae<\/sup><\/li>\n<li>Start in die Projektsimulation \u201eprojactivity<sup>\u00ae<\/sup>\u201c<\/li>\n<\/ul>\n<\/article>\n<\/section>\n<section>\n<hgroup>\n  Tag 2: \u201ePlan the work\u201c<span class=\"pfeil\">\u25bc<\/span><br \/>\n <\/hgroup>\n<article>\n<ul>\n<li>Projektplanung: der Projektmanagementplan und seine Komponenten<\/li>\n<li>Simulation einer Projektplanung mit \u201eprojactivity<sup>\u00ae<\/sup>\u201c<\/li>\n<li>Planungsprozesse gem\u00e4\u00df PMBOK<sup>\u00ae<\/sup><\/li>\n<li>Simulation der Projektausf\u00fchrung mit \u201eprojactivity<sup>\u00ae<\/sup>\u201c<\/li>\n<li>Exkurs: Critical Path Methode und Critical Chain Methode<\/li>\n<\/ul>\n<\/article>\n<\/section>\n<section>\n<hgroup>\n  Tag 3: \u201eWork the plan\u201c<span class=\"pfeil\">\u25bc<\/span><br \/>\n <\/hgroup>\n<article>\n<ul>\n<li>Durchf\u00fchrungsprozesse gem\u00e4\u00df PMBOK<sup>\u00ae<\/sup><\/li>\n<li>Simulation der Projektsteuerung mit \u201eprojactivity<sup>\u00ae<\/sup>\u201c <\/li>\n<li>Qualit\u00e4tsmanagement in Projekten: Grundlagen, Durchf\u00fchrung, Werkzeuge<\/li>\n<li>Simulation des Projektabschlusses mit \u201eprojactivity<sup>\u00ae<\/sup>\u201c <\/li>\n<li>Team Building, Teamentwicklung, Team Management<\/li>\n<\/ul>\n<\/article>\n<\/section>\n<section>\n<hgroup>\n  Tag 4: \u201eOn time \u2013 in quality \u2013 in budget \u2013 to customers\u2019 satisfaction\u201c<span class=\"pfeil\">\u25bc<\/span><br \/>\n <\/hgroup>\n<article>\n<ul>\n<li>Review Tage 1 bis 3<\/li>\n<li>Konflikt-, Krisen- und Eskalationsmanagement im Projekt<\/li>\n<li>Rechtliche Aspekte im Projektgesch\u00e4ft<\/li>\n<li>\u00dcberwachungs- und Steuerungsprozesse nach PMI<sup>\u00ae<\/sup><\/li>\n<li>Integrierte \u00c4nderungssteuerung und Change Management im Projekt<\/li>\n<li>Verifizierung und Steuerung des Projektinhalts- und \u2013umfangs und der Terminplanung<\/li>\n<li>Kostenmanagement: Earned-Value-Methode (Stichtags- und Prognosekennzahlen)<\/li>\n<li>Exkurs: Fehlentwicklungen in Projekten identifizieren und reagieren<\/li>\n<\/ul>\n<\/article>\n<\/section>\n<section>\n<hgroup>\n  Tag 5: \u201eLessons learned\u201c<span class=\"pfeil\">\u25bc<\/span><br \/>\n <\/hgroup>\n<article>\n<ul>\n<li>Projektabschlussprozesse nach PMI<sup>\u00ae<\/sup><\/li>\n<li>Exkurs: Vertiefung der Projektabschlussphase\t<\/li>\n<li>Exkurs: Internationales Projektmanagement<\/li>\n<li>Exkurs: Agiles Projektmanagement<\/li>\n<li>Professionelle und soziale Verantwortung im Projektmanagement<\/li>\n<li>Tipps f\u00fcr die Vorbereitung auf die PMI<sup>\u00ae<\/sup> Zertifizierungen<\/li>\n<li>Zusammenfassung und<\/li>\n<li>Abschluss des Trainings<\/li>\n<\/ul>\n<\/article>\n<\/section><\/div>\n<p><script src=\"https:\/\/ajax.googleapis.com\/ajax\/libs\/jquery\/1.6.2\/jquery.min.js\"><\/script><br \/>\n  <script src=\"https:\/\/global-players-consulting.de\/accordly.js\"><\/script><br \/>\n<script>\n  $('.accordion').accordy({\n    });\n<\/script><\/p>\n<p><img decoding=\"async\" class=\"img\" src=\"https:\/\/www.global-players-consulting.de\/wp-content\/uploads\/2018\/04\/organisation_02_750px.png\"><\/p>\n<p><strong>Teilnahmevoraussetzungen:<\/strong><\/p>\n<ul>\n<li>Fachliche Voraussetzungen f\u00fcr die Teilnahme an diesem Training sind nicht erforderlich. Es werden jedoch praktische Erfahrungen im Projektmanagement vorausgesetzt.<\/li>\n<li>Zielgruppe: Fach- und F\u00fchrungskr\u00e4fte, die Leitungsaufgaben in Projekten \u00fcbernehmen oder in anspruchsvollen Projekten mitarbeiten.<\/li>\n<li>Empfohlene Teilnehmerzahl: mindestens sechs, maximal 15 Personen <\/li>\n<li>Wird die Mindestteilnehmerzahl nicht erreicht, behalten wir uns vor, das Vorbereitungsseminar abzusagen oder einen Alternativtermin anzubieten.<\/li>\n<li>F\u00fcr die Zulassung zu den PMI<sup>\u00ae<\/sup> Zertifizierungen zum PMP<sup>\u00ae<\/sup> bzw. zum CAPM<sup>\u00ae<\/sup> gelten die jeweils aktuellen Zulassungsvoraussetzungen des PMI<sup>\u00ae<\/sup> (www.pmi.org) <\/li>\n<\/ul>\n<p><strong>Trainer:<\/strong><\/p>\n<ul>\n<li>Herbert Biehler, Projektmanager und Management Coach Fachmann f\u00fcr Projektmanagement (GPM<sup>\u00ae<\/sup>\/IPMA<sup>\u00ae<\/sup>), Project Management Professional<sup>\u00ae<\/sup> (PMP<sup>\u00ae<\/sup>), Certified SCRUM Master<sup>\u00ae<\/sup> (SCRUM ALLIANCE<sup>\u00ae<\/sup>) oder ein Trainer mit nachweisbaren Projektmanagement- und Trainings-Erfahrungen.<\/li>\n<\/ul>\n<p><strong>Wissensbasis\/Vorgehensmodell:<\/strong><\/p>\n<ul>\n<li>\u201cA Guide to the Project Management Body of Knowledge\u201d (PMBoK<sup>\u00ae<\/sup>), 6. Ausgabe (englische Version, wahlweise deutsche Version), Hrsg. Project Management Institute, Inc.<\/li>\n<li>Weitere aktuelle Fachliteratur zu Projektmanagement-Themen und zu \u201eSoft Skills\u201c<\/li>\n<\/ul>\n<p><strong>Trainingsmethoden:<\/strong><\/p>\n<ul>\n<li>Kurzvortr\u00e4ge \/ Impulsreferate des Trainers<\/li>\n<li>Interviews \/ Feedbackrunden   <\/li>\n<li>Projektsimulation<\/li>\n<\/ul>\n<p><strong>Dokumentation:<\/strong><\/p>\n<ul>\n<li>Schriftliche Unterlagen in deutscher Sprache (Handout, \u00dcbungen) werden vom Trainer erstellt. Die Vervielf\u00e4ltigung erfolgt durch Global Players Consulting.  <\/li>\n<li>Jedem Teilnehmer wird von Global Players Consulting ein Exemplar des Fachbuches \u201cA Guide to the Project Management Body of Knowledge\u201d (PMBoK<sup>\u00ae<\/sup>), 6. Ausgabe (englische Version, wahlweise deutsche Version), Hrsg. Project Management Institute, Inc.,  zur Verf\u00fcgung gestellt.  <\/li>\n<li>Die Teilnehmer erhalten zur Vorbereitung auf die Pr\u00fcfungen einen Katalog von Fragen, die dem Schwierigkeitsgrad der offiziellen Pr\u00fcfungsfragen entsprechen.<\/li>\n<\/ul>\n<p>Hier k\u00f6nnen Sie sich unseren Flyer downloaden: <strong><a target=\"_blank\" href=\"https:\/\/global-players-consulting.de\/wp-content\/uploads\/2018\/06\/ProCert_Flyer.pdf\">Flyer_ProCERT<\/a><\/strong><\/p>\n<p>Hier finden sie ein Quiz mit Projektmanagementfragen aus dem aktuellen Fragenkatalog den sie am Ende des Seminars von uns erhalten: <strong><span class=\"PM-Quiz\"><a href=\"https:\/\/www.global-players-consulting.de\/index.php\/pm-quiz\/\"><u>PM-Quiz<\/u><\/a><\/span><\/strong><\/p>\n<div class=\"anmeldung\">Anmeldung unter <br \/><u>info@global-players-consulting.com<\/u> <br \/>oder \u00fcber unser <br \/><a href=\"https:\/\/www.global-players-consulting.de\/index.php\/kontaktformular\/\"><u>Kontaktformular<\/u><\/a><\/div>\n<p><\/p>","protected":false},"excerpt":{"rendered":"<p>Sorry, this entry is only available in Deutsch. For the sake of viewer convenience, the content is shown below in the alternative language. You may click the link to switch the active language. ProCERT Projektmanagement &#8211; Intensivtraining inkl. Vorbereitung zur<\/p>\n","protected":false},"author":2,"featured_media":0,"parent":0,"menu_order":0,"comment_status":"closed","ping_status":"closed","template":"","meta":{"footnotes":""},"class_list":["post-2058","page","type-page","status-publish","hentry"],"yoast_head":"<!-- This site is optimized with the Yoast SEO plugin v27.4 - https:\/\/yoast.com\/product\/yoast-seo-wordpress\/ -->\n<title>ProCert - Seminar - Global Players Consulting GmbH<\/title>\n<meta name=\"robots\" content=\"index, follow, max-snippet:-1, max-image-preview:large, max-video-preview:-1\" \/>\n<link rel=\"canonical\" href=\"https:\/\/global-players-consulting.de\/en\/procert-seminar\/\" \/>\n<meta property=\"og:locale\" content=\"en_US\" \/>\n<meta property=\"og:type\" content=\"article\" \/>\n<meta property=\"og:title\" content=\"ProCert - Seminar - Global Players Consulting GmbH\" \/>\n<meta property=\"og:description\" content=\"Sorry, this entry is only available in Deutsch. For the sake of viewer convenience, the content is shown below in the alternative language. You may click the link to switch the active language. ProCERT Projektmanagement &#8211; Intensivtraining inkl. Vorbereitung zur\" \/>\n<meta property=\"og:url\" content=\"https:\/\/global-players-consulting.de\/en\/procert-seminar\/\" \/>\n<meta property=\"og:site_name\" content=\"Global Players Consulting GmbH\" \/>\n<meta property=\"article:modified_time\" content=\"2018-06-12T09:34:34+00:00\" \/>\n<meta property=\"og:image\" content=\"https:\/\/global-players-consulting.de\/wp-content\/uploads\/2018\/04\/organisation_04_750px.png\" \/>\n<meta name=\"twitter:card\" content=\"summary_large_image\" \/>\n<meta name=\"twitter:label1\" content=\"Est. reading time\" \/>\n\t<meta name=\"twitter:data1\" content=\"4 minutes\" \/>\n<script type=\"application\/ld+json\" class=\"yoast-schema-graph\">{\"@context\":\"https:\\\/\\\/schema.org\",\"@graph\":[{\"@type\":\"WebPage\",\"@id\":\"https:\\\/\\\/global-players-consulting.de\\\/en\\\/procert-seminar\\\/\",\"url\":\"https:\\\/\\\/global-players-consulting.de\\\/en\\\/procert-seminar\\\/\",\"name\":\"ProCert - Seminar - Global Players Consulting GmbH\",\"isPartOf\":{\"@id\":\"https:\\\/\\\/global-players-consulting.de\\\/#website\"},\"primaryImageOfPage\":{\"@id\":\"https:\\\/\\\/global-players-consulting.de\\\/en\\\/procert-seminar\\\/#primaryimage\"},\"image\":{\"@id\":\"https:\\\/\\\/global-players-consulting.de\\\/en\\\/procert-seminar\\\/#primaryimage\"},\"thumbnailUrl\":\"https:\\\/\\\/global-players-consulting.de\\\/wp-content\\\/uploads\\\/2018\\\/04\\\/organisation_04_750px.png\",\"datePublished\":\"2018-05-03T14:07:14+00:00\",\"dateModified\":\"2018-06-12T09:34:34+00:00\",\"breadcrumb\":{\"@id\":\"https:\\\/\\\/global-players-consulting.de\\\/en\\\/procert-seminar\\\/#breadcrumb\"},\"inLanguage\":\"en-US\",\"potentialAction\":[{\"@type\":\"ReadAction\",\"target\":[\"https:\\\/\\\/global-players-consulting.de\\\/en\\\/procert-seminar\\\/\"]}]},{\"@type\":\"ImageObject\",\"inLanguage\":\"en-US\",\"@id\":\"https:\\\/\\\/global-players-consulting.de\\\/en\\\/procert-seminar\\\/#primaryimage\",\"url\":\"https:\\\/\\\/global-players-consulting.de\\\/wp-content\\\/uploads\\\/2018\\\/04\\\/organisation_04_750px.png\",\"contentUrl\":\"https:\\\/\\\/global-players-consulting.de\\\/wp-content\\\/uploads\\\/2018\\\/04\\\/organisation_04_750px.png\"},{\"@type\":\"BreadcrumbList\",\"@id\":\"https:\\\/\\\/global-players-consulting.de\\\/en\\\/procert-seminar\\\/#breadcrumb\",\"itemListElement\":[{\"@type\":\"ListItem\",\"position\":1,\"name\":\"Startseite\",\"item\":\"https:\\\/\\\/global-players-consulting.de\\\/\"},{\"@type\":\"ListItem\",\"position\":2,\"name\":\"ProCert &#8211; Seminar\"}]},{\"@type\":\"WebSite\",\"@id\":\"https:\\\/\\\/global-players-consulting.de\\\/#website\",\"url\":\"https:\\\/\\\/global-players-consulting.de\\\/\",\"name\":\"Global Players Consulting GmbH\",\"description\":\"Competence in Project Business\",\"publisher\":{\"@id\":\"https:\\\/\\\/global-players-consulting.de\\\/#organization\"},\"potentialAction\":[{\"@type\":\"SearchAction\",\"target\":{\"@type\":\"EntryPoint\",\"urlTemplate\":\"https:\\\/\\\/global-players-consulting.de\\\/?s={search_term_string}\"},\"query-input\":{\"@type\":\"PropertyValueSpecification\",\"valueRequired\":true,\"valueName\":\"search_term_string\"}}],\"inLanguage\":\"en-US\"},{\"@type\":\"Organization\",\"@id\":\"https:\\\/\\\/global-players-consulting.de\\\/#organization\",\"name\":\"Global Players Consulting GmbH\",\"url\":\"https:\\\/\\\/global-players-consulting.de\\\/\",\"logo\":{\"@type\":\"ImageObject\",\"inLanguage\":\"en-US\",\"@id\":\"https:\\\/\\\/global-players-consulting.de\\\/#\\\/schema\\\/logo\\\/image\\\/\",\"url\":\"https:\\\/\\\/global-players-consulting.de\\\/wp-content\\\/uploads\\\/2017\\\/01\\\/cropped-cropped-GPC-Logo_ohne_Untertitel-2-1.png\",\"contentUrl\":\"https:\\\/\\\/global-players-consulting.de\\\/wp-content\\\/uploads\\\/2017\\\/01\\\/cropped-cropped-GPC-Logo_ohne_Untertitel-2-1.png\",\"width\":615,\"height\":538,\"caption\":\"Global Players Consulting GmbH\"},\"image\":{\"@id\":\"https:\\\/\\\/global-players-consulting.de\\\/#\\\/schema\\\/logo\\\/image\\\/\"}}]}<\/script>\n<!-- \/ Yoast SEO plugin. -->","yoast_head_json":{"title":"ProCert - Seminar - Global Players Consulting GmbH","robots":{"index":"index","follow":"follow","max-snippet":"max-snippet:-1","max-image-preview":"max-image-preview:large","max-video-preview":"max-video-preview:-1"},"canonical":"https:\/\/global-players-consulting.de\/en\/procert-seminar\/","og_locale":"en_US","og_type":"article","og_title":"ProCert - Seminar - Global Players Consulting GmbH","og_description":"Sorry, this entry is only available in Deutsch. For the sake of viewer convenience, the content is shown below in the alternative language. You may click the link to switch the active language. ProCERT Projektmanagement &#8211; Intensivtraining inkl. Vorbereitung zur","og_url":"https:\/\/global-players-consulting.de\/en\/procert-seminar\/","og_site_name":"Global Players Consulting GmbH","article_modified_time":"2018-06-12T09:34:34+00:00","og_image":[{"url":"https:\/\/global-players-consulting.de\/wp-content\/uploads\/2018\/04\/organisation_04_750px.png","type":"","width":"","height":""}],"twitter_card":"summary_large_image","twitter_misc":{"Est. reading time":"4 minutes"},"schema":{"@context":"https:\/\/schema.org","@graph":[{"@type":"WebPage","@id":"https:\/\/global-players-consulting.de\/en\/procert-seminar\/","url":"https:\/\/global-players-consulting.de\/en\/procert-seminar\/","name":"ProCert - Seminar - Global Players Consulting GmbH","isPartOf":{"@id":"https:\/\/global-players-consulting.de\/#website"},"primaryImageOfPage":{"@id":"https:\/\/global-players-consulting.de\/en\/procert-seminar\/#primaryimage"},"image":{"@id":"https:\/\/global-players-consulting.de\/en\/procert-seminar\/#primaryimage"},"thumbnailUrl":"https:\/\/global-players-consulting.de\/wp-content\/uploads\/2018\/04\/organisation_04_750px.png","datePublished":"2018-05-03T14:07:14+00:00","dateModified":"2018-06-12T09:34:34+00:00","breadcrumb":{"@id":"https:\/\/global-players-consulting.de\/en\/procert-seminar\/#breadcrumb"},"inLanguage":"en-US","potentialAction":[{"@type":"ReadAction","target":["https:\/\/global-players-consulting.de\/en\/procert-seminar\/"]}]},{"@type":"ImageObject","inLanguage":"en-US","@id":"https:\/\/global-players-consulting.de\/en\/procert-seminar\/#primaryimage","url":"https:\/\/global-players-consulting.de\/wp-content\/uploads\/2018\/04\/organisation_04_750px.png","contentUrl":"https:\/\/global-players-consulting.de\/wp-content\/uploads\/2018\/04\/organisation_04_750px.png"},{"@type":"BreadcrumbList","@id":"https:\/\/global-players-consulting.de\/en\/procert-seminar\/#breadcrumb","itemListElement":[{"@type":"ListItem","position":1,"name":"Startseite","item":"https:\/\/global-players-consulting.de\/"},{"@type":"ListItem","position":2,"name":"ProCert &#8211; Seminar"}]},{"@type":"WebSite","@id":"https:\/\/global-players-consulting.de\/#website","url":"https:\/\/global-players-consulting.de\/","name":"Global Players Consulting GmbH","description":"Competence in Project Business","publisher":{"@id":"https:\/\/global-players-consulting.de\/#organization"},"potentialAction":[{"@type":"SearchAction","target":{"@type":"EntryPoint","urlTemplate":"https:\/\/global-players-consulting.de\/?s={search_term_string}"},"query-input":{"@type":"PropertyValueSpecification","valueRequired":true,"valueName":"search_term_string"}}],"inLanguage":"en-US"},{"@type":"Organization","@id":"https:\/\/global-players-consulting.de\/#organization","name":"Global Players Consulting GmbH","url":"https:\/\/global-players-consulting.de\/","logo":{"@type":"ImageObject","inLanguage":"en-US","@id":"https:\/\/global-players-consulting.de\/#\/schema\/logo\/image\/","url":"https:\/\/global-players-consulting.de\/wp-content\/uploads\/2017\/01\/cropped-cropped-GPC-Logo_ohne_Untertitel-2-1.png","contentUrl":"https:\/\/global-players-consulting.de\/wp-content\/uploads\/2017\/01\/cropped-cropped-GPC-Logo_ohne_Untertitel-2-1.png","width":615,"height":538,"caption":"Global Players Consulting GmbH"},"image":{"@id":"https:\/\/global-players-consulting.de\/#\/schema\/logo\/image\/"}}]}},"_links":{"self":[{"href":"https:\/\/global-players-consulting.de\/en\/wp-json\/wp\/v2\/pages\/2058","targetHints":{"allow":["GET"]}}],"collection":[{"href":"https:\/\/global-players-consulting.de\/en\/wp-json\/wp\/v2\/pages"}],"about":[{"href":"https:\/\/global-players-consulting.de\/en\/wp-json\/wp\/v2\/types\/page"}],"author":[{"embeddable":true,"href":"https:\/\/global-players-consulting.de\/en\/wp-json\/wp\/v2\/users\/2"}],"replies":[{"embeddable":true,"href":"https:\/\/global-players-consulting.de\/en\/wp-json\/wp\/v2\/comments?post=2058"}],"version-history":[{"count":59,"href":"https:\/\/global-players-consulting.de\/en\/wp-json\/wp\/v2\/pages\/2058\/revisions"}],"predecessor-version":[{"id":2404,"href":"https:\/\/global-players-consulting.de\/en\/wp-json\/wp\/v2\/pages\/2058\/revisions\/2404"}],"wp:attachment":[{"href":"https:\/\/global-players-consulting.de\/en\/wp-json\/wp\/v2\/media?parent=2058"}],"curies":[{"name":"wp","href":"https:\/\/api.w.org\/{rel}","templated":true}]}}