{"id":2734,"date":"2019-02-07T09:50:04","date_gmt":"2019-02-07T08:50:04","guid":{"rendered":"https:\/\/global-players-consulting.de\/?page_id=2734"},"modified":"2019-02-07T09:50:04","modified_gmt":"2019-02-07T08:50:04","slug":"news","status":"publish","type":"page","link":"https:\/\/global-players-consulting.de\/en\/news\/","title":{"rendered":"News"},"content":{"rendered":"\n<!-- NOTE: If you need to make changes to this file, copy it to your current theme's main\n\tdirectory so your changes won't be overwritten when the plugin is upgraded. -->\n\n<!-- Post Wrap Start-->\n<div class=\"post hentry ivycat-post\">\n\n\t<!-- \tThis outputs the post TITLE -->\n\t<h2 class=\"entry-title\"><a href=\"https:\/\/global-players-consulting.de\/en\/auf-zu-neuen-ufern-ii-iii-vom-primitiven-ueber-das-komplizierte-zum-einfachen\/\">Auf zu neuen Ufern II\/II \u2013 Vom Primitiven \u00fcber das Komplizierte zum Einfachen<\/a><\/h2>\n\n\t<!-- \tThis outputs the post EXCERPT.  To display full content including images and html,\n\t\treplace the_excerpt(); with the_content();  below. -->\n\t<div class=\"entry-summary\">\n\t\t<p>Oldenburg\/M\u00fcnchen \u2013 In einer Welt mit st\u00e4ndig steigenden Unsicherheiten, mit massiver Komplexit\u00e4t und hohen Interdependenzen stehen Unternehmen und insbesondere die Projektarbeit vor massiven Heraus- und \u00dcberforderungen. Die Komplexit\u00e4tsreduktion in Projekten zur effektiveren Gestaltung der Projektarbeit ist ein hehres Ziel. Dazu<\/p>\n\t<\/div>\n\n\t<!--\tThis outputs the post META information -->\n\t<div class=\"entry-utility\">\n\t\t\t\t\t<span class=\"cat-links\">\n\t\t\t\t<span class=\"entry-utility-prep entry-utility-prep-cat-links\">Posted in<\/span> <a href=\"https:\/\/global-players-consulting.de\/en\/category\/allgemein\/\" rel=\"category tag\">Allgemein<\/a>\t\t\t<\/span>\n\t\t\t<span class=\"meta-sep\">|<\/span>\n\t\t\t\t\t\t<span class=\"comments-link\">\n\t\t\t<span>Comments Off<span class=\"screen-reader-text\"> on Auf zu neuen Ufern II\/II \u2013 Vom Primitiven \u00fcber das Komplizierte zum Einfachen<\/span><\/span>\t\t<\/span>\n\t\t\t<\/div>\n<\/div>\n<!-- \/\/ Post Wrap End -->\n\n<!-- NOTE: If you need to make changes to this file, copy it to your current theme's main\n\tdirectory so your changes won't be overwritten when the plugin is upgraded. -->\n\n<!-- Post Wrap Start-->\n<div class=\"post hentry ivycat-post\">\n\n\t<!-- \tThis outputs the post TITLE -->\n\t<h2 class=\"entry-title\"><a href=\"https:\/\/global-players-consulting.de\/en\/auf-zu-neuen-ufern-i-iii-wie-gamification-die-projektarbeit-unterstuetzt\/\">Auf zu neuen Ufern I\/II \u2013 Wie Gamification die Projektarbeit unterst\u00fctzt<\/a><\/h2>\n\n\t<!-- \tThis outputs the post EXCERPT.  To display full content including images and html,\n\t\treplace the_excerpt(); with the_content();  below. -->\n\t<div class=\"entry-summary\">\n\t\t<p>Oldenburg \u2013 Videospiele und die Arbeitswelt. Was auf den ersten Blick wie Feuer und Wasser erscheint, l\u00e4sst sich auf den zweiten Blick hervorragend verbinden, um die Projektarbeit erfolgreicher zu gestalten. Gamification gilt als massiver Trend in der Arbeitswelt. Wir haben<\/p>\n\t<\/div>\n\n\t<!--\tThis outputs the post META information -->\n\t<div class=\"entry-utility\">\n\t\t\t\t\t<span class=\"cat-links\">\n\t\t\t\t<span class=\"entry-utility-prep entry-utility-prep-cat-links\">Posted in<\/span> <a href=\"https:\/\/global-players-consulting.de\/en\/category\/allgemein\/\" rel=\"category tag\">Allgemein<\/a>\t\t\t<\/span>\n\t\t\t<span class=\"meta-sep\">|<\/span>\n\t\t\t\t\t\t<span class=\"comments-link\">\n\t\t\t<span>Comments Off<span class=\"screen-reader-text\"> on Auf zu neuen Ufern I\/II \u2013 Wie Gamification die Projektarbeit unterst\u00fctzt<\/span><\/span>\t\t<\/span>\n\t\t\t<\/div>\n<\/div>\n<!-- \/\/ Post Wrap End -->\n\n<!-- NOTE: If you need to make changes to this file, copy it to your current theme's main\n\tdirectory so your changes won't be overwritten when the plugin is upgraded. -->\n\n<!-- Post Wrap Start-->\n<div class=\"post hentry ivycat-post\">\n\n\t<!-- \tThis outputs the post TITLE -->\n\t<h2 class=\"entry-title\"><a href=\"https:\/\/global-players-consulting.de\/en\/procert-projektmanagement-intensivtraining-inkl-vorbereitung-zur-pmp-bzw-capm-zertifizierung\/\">Melden Sie sich an: <br> ProCERT &#8211; Projektmanagement-Intensivtraining<\/a><\/h2>\n\n\t<!-- \tThis outputs the post EXCERPT.  To display full content including images and html,\n\t\treplace the_excerpt(); with the_content();  below. -->\n\t<div class=\"entry-summary\">\n\t\t<p>Zertifizieren Sie spielerisch mit projactivity\u00ae Ihr Projektmanagement Know-How! Die wichtigsten Informationen finden Sie kompakt in unserem Flyer: Flyer_ProCERT Ausf\u00fchrliche Informationen finden Sie hier: ProCERT &#8211; Seminar Ein kleines Quiz um Ihr Wissen zu testen finden Sie hier: PM-Quiz<\/p>\n\t<\/div>\n\n\t<!--\tThis outputs the post META information -->\n\t<div class=\"entry-utility\">\n\t\t\t\t\t<span class=\"cat-links\">\n\t\t\t\t<span class=\"entry-utility-prep entry-utility-prep-cat-links\">Posted in<\/span> <a href=\"https:\/\/global-players-consulting.de\/en\/category\/allgemein\/\" rel=\"category tag\">Allgemein<\/a>\t\t\t<\/span>\n\t\t\t<span class=\"meta-sep\">|<\/span>\n\t\t\t\t\t\t<span class=\"comments-link\">\n\t\t\t<span>Comments Off<span class=\"screen-reader-text\"> on Melden Sie sich an: <br> ProCERT &#8211; Projektmanagement-Intensivtraining<\/span><\/span>\t\t<\/span>\n\t\t\t<\/div>\n<\/div>\n<!-- \/\/ Post Wrap End -->\n\n","protected":false},"excerpt":{"rendered":"","protected":false},"author":2,"featured_media":0,"parent":0,"menu_order":0,"comment_status":"closed","ping_status":"closed","template":"","meta":{"footnotes":""},"class_list":["post-2734","page","type-page","status-publish","hentry"],"yoast_head":"<!-- This site is optimized with the Yoast SEO plugin v27.4 - https:\/\/yoast.com\/product\/yoast-seo-wordpress\/ -->\n<title>News - Global Players Consulting GmbH<\/title>\n<meta name=\"robots\" content=\"index, follow, max-snippet:-1, max-image-preview:large, max-video-preview:-1\" \/>\n<link rel=\"canonical\" href=\"https:\/\/global-players-consulting.de\/news\/\" \/>\n<meta property=\"og:locale\" content=\"en_US\" \/>\n<meta property=\"og:type\" content=\"article\" \/>\n<meta property=\"og:title\" content=\"News - Global Players Consulting GmbH\" \/>\n<meta property=\"og:url\" content=\"https:\/\/global-players-consulting.de\/news\/\" \/>\n<meta property=\"og:site_name\" content=\"Global Players Consulting GmbH\" \/>\n<meta name=\"twitter:card\" content=\"summary_large_image\" \/>\n<script type=\"application\/ld+json\" class=\"yoast-schema-graph\">{\"@context\":\"https:\\\/\\\/schema.org\",\"@graph\":[{\"@type\":\"WebPage\",\"@id\":\"https:\\\/\\\/global-players-consulting.de\\\/news\\\/\",\"url\":\"https:\\\/\\\/global-players-consulting.de\\\/news\\\/\",\"name\":\"News - Global Players Consulting GmbH\",\"isPartOf\":{\"@id\":\"https:\\\/\\\/global-players-consulting.de\\\/#website\"},\"datePublished\":\"2019-02-07T08:50:04+00:00\",\"breadcrumb\":{\"@id\":\"https:\\\/\\\/global-players-consulting.de\\\/news\\\/#breadcrumb\"},\"inLanguage\":\"en-US\",\"potentialAction\":[{\"@type\":\"ReadAction\",\"target\":[\"https:\\\/\\\/global-players-consulting.de\\\/news\\\/\"]}]},{\"@type\":\"BreadcrumbList\",\"@id\":\"https:\\\/\\\/global-players-consulting.de\\\/news\\\/#breadcrumb\",\"itemListElement\":[{\"@type\":\"ListItem\",\"position\":1,\"name\":\"Startseite\",\"item\":\"https:\\\/\\\/global-players-consulting.de\\\/\"},{\"@type\":\"ListItem\",\"position\":2,\"name\":\"News\"}]},{\"@type\":\"WebSite\",\"@id\":\"https:\\\/\\\/global-players-consulting.de\\\/#website\",\"url\":\"https:\\\/\\\/global-players-consulting.de\\\/\",\"name\":\"Global Players Consulting GmbH\",\"description\":\"Competence in Project Business\",\"publisher\":{\"@id\":\"https:\\\/\\\/global-players-consulting.de\\\/#organization\"},\"potentialAction\":[{\"@type\":\"SearchAction\",\"target\":{\"@type\":\"EntryPoint\",\"urlTemplate\":\"https:\\\/\\\/global-players-consulting.de\\\/?s={search_term_string}\"},\"query-input\":{\"@type\":\"PropertyValueSpecification\",\"valueRequired\":true,\"valueName\":\"search_term_string\"}}],\"inLanguage\":\"en-US\"},{\"@type\":\"Organization\",\"@id\":\"https:\\\/\\\/global-players-consulting.de\\\/#organization\",\"name\":\"Global Players Consulting GmbH\",\"url\":\"https:\\\/\\\/global-players-consulting.de\\\/\",\"logo\":{\"@type\":\"ImageObject\",\"inLanguage\":\"en-US\",\"@id\":\"https:\\\/\\\/global-players-consulting.de\\\/#\\\/schema\\\/logo\\\/image\\\/\",\"url\":\"https:\\\/\\\/global-players-consulting.de\\\/wp-content\\\/uploads\\\/2017\\\/01\\\/cropped-cropped-GPC-Logo_ohne_Untertitel-2-1.png\",\"contentUrl\":\"https:\\\/\\\/global-players-consulting.de\\\/wp-content\\\/uploads\\\/2017\\\/01\\\/cropped-cropped-GPC-Logo_ohne_Untertitel-2-1.png\",\"width\":615,\"height\":538,\"caption\":\"Global Players Consulting GmbH\"},\"image\":{\"@id\":\"https:\\\/\\\/global-players-consulting.de\\\/#\\\/schema\\\/logo\\\/image\\\/\"}}]}<\/script>\n<!-- \/ Yoast SEO plugin. -->","yoast_head_json":{"title":"News - Global Players Consulting GmbH","robots":{"index":"index","follow":"follow","max-snippet":"max-snippet:-1","max-image-preview":"max-image-preview:large","max-video-preview":"max-video-preview:-1"},"canonical":"https:\/\/global-players-consulting.de\/news\/","og_locale":"en_US","og_type":"article","og_title":"News - Global Players Consulting GmbH","og_url":"https:\/\/global-players-consulting.de\/news\/","og_site_name":"Global Players Consulting GmbH","twitter_card":"summary_large_image","schema":{"@context":"https:\/\/schema.org","@graph":[{"@type":"WebPage","@id":"https:\/\/global-players-consulting.de\/news\/","url":"https:\/\/global-players-consulting.de\/news\/","name":"News - Global Players Consulting GmbH","isPartOf":{"@id":"https:\/\/global-players-consulting.de\/#website"},"datePublished":"2019-02-07T08:50:04+00:00","breadcrumb":{"@id":"https:\/\/global-players-consulting.de\/news\/#breadcrumb"},"inLanguage":"en-US","potentialAction":[{"@type":"ReadAction","target":["https:\/\/global-players-consulting.de\/news\/"]}]},{"@type":"BreadcrumbList","@id":"https:\/\/global-players-consulting.de\/news\/#breadcrumb","itemListElement":[{"@type":"ListItem","position":1,"name":"Startseite","item":"https:\/\/global-players-consulting.de\/"},{"@type":"ListItem","position":2,"name":"News"}]},{"@type":"WebSite","@id":"https:\/\/global-players-consulting.de\/#website","url":"https:\/\/global-players-consulting.de\/","name":"Global Players Consulting GmbH","description":"Competence in Project Business","publisher":{"@id":"https:\/\/global-players-consulting.de\/#organization"},"potentialAction":[{"@type":"SearchAction","target":{"@type":"EntryPoint","urlTemplate":"https:\/\/global-players-consulting.de\/?s={search_term_string}"},"query-input":{"@type":"PropertyValueSpecification","valueRequired":true,"valueName":"search_term_string"}}],"inLanguage":"en-US"},{"@type":"Organization","@id":"https:\/\/global-players-consulting.de\/#organization","name":"Global Players Consulting GmbH","url":"https:\/\/global-players-consulting.de\/","logo":{"@type":"ImageObject","inLanguage":"en-US","@id":"https:\/\/global-players-consulting.de\/#\/schema\/logo\/image\/","url":"https:\/\/global-players-consulting.de\/wp-content\/uploads\/2017\/01\/cropped-cropped-GPC-Logo_ohne_Untertitel-2-1.png","contentUrl":"https:\/\/global-players-consulting.de\/wp-content\/uploads\/2017\/01\/cropped-cropped-GPC-Logo_ohne_Untertitel-2-1.png","width":615,"height":538,"caption":"Global Players Consulting GmbH"},"image":{"@id":"https:\/\/global-players-consulting.de\/#\/schema\/logo\/image\/"}}]}},"_links":{"self":[{"href":"https:\/\/global-players-consulting.de\/en\/wp-json\/wp\/v2\/pages\/2734","targetHints":{"allow":["GET"]}}],"collection":[{"href":"https:\/\/global-players-consulting.de\/en\/wp-json\/wp\/v2\/pages"}],"about":[{"href":"https:\/\/global-players-consulting.de\/en\/wp-json\/wp\/v2\/types\/page"}],"author":[{"embeddable":true,"href":"https:\/\/global-players-consulting.de\/en\/wp-json\/wp\/v2\/users\/2"}],"replies":[{"embeddable":true,"href":"https:\/\/global-players-consulting.de\/en\/wp-json\/wp\/v2\/comments?post=2734"}],"version-history":[{"count":1,"href":"https:\/\/global-players-consulting.de\/en\/wp-json\/wp\/v2\/pages\/2734\/revisions"}],"predecessor-version":[{"id":2735,"href":"https:\/\/global-players-consulting.de\/en\/wp-json\/wp\/v2\/pages\/2734\/revisions\/2735"}],"wp:attachment":[{"href":"https:\/\/global-players-consulting.de\/en\/wp-json\/wp\/v2\/media?parent=2734"}],"curies":[{"name":"wp","href":"https:\/\/api.w.org\/{rel}","templated":true}]}}