{"id":636,"date":"2017-02-15T23:35:37","date_gmt":"2017-02-15T22:35:37","guid":{"rendered":"http:\/\/www.global-players-consulting.de\/?page_id=636"},"modified":"2018-05-24T14:53:12","modified_gmt":"2018-05-24T12:53:12","slug":"projektleitung","status":"publish","type":"page","link":"https:\/\/global-players-consulting.de\/en\/projektmanagement-it-beratung\/projektmanagement-beratung\/projektleitung\/","title":{"rendered":"Pro-Lead: Project Direction"},"content":{"rendered":"<p><meta name=\"theme-color\" content=\"#003E90\"><\/p>\n<div class=\"accordion\">\n<section>\n<hgroup>\n   Entrust us with your project \u2013 We cover your back<span class=\"pfeil\">\u25bc<\/span><br \/>\n <\/hgroup>\n<article>\nWe assume full or partial responsibility for your projects, when<\/p>\n<ul>\n<li>this project is crucial for progress and success of your company<\/li>\n<li>you do not have own resources available with enough project management experience <\/li>\n<li>you count on interim managers who are able to board a project at any phase and find their way quickly <\/li>\n<li>a complex project with many parties involved requires a leader representing the project\u2019s interests and defending them with empathy and authority.<\/li>\n<li>professional action is required: structured planning and controlling \u2013 transparent communication \u2013 traceable documentation<\/li>\n<li>a project manager must be able to continue with the proven procedures but also to blow fresh air and new accents in project methodology and management.<\/li>\n<\/ul>\n<\/article>\n<\/section>\n<section>\n<hgroup>\n  Project Direction \u2013 References<span class=\"pfeil\">\u25bc<\/span><br \/>\n <\/hgroup>\n<article>\n  <strong>Project lead in the biggest IT project in the company\u2019s history (regional German energy supplier)<\/strong><br \/>\nPlease contact us for detailed information.<\/p>\n<p><strong>Direction of data reorganization project: Halving of data volume and sustainable reduction of data increase <\/strong><br \/>\nPlease contact us for detailed information.<\/p>\n<p><strong>Multi-project-management: nine projects simultaneously managed in eight months <\/strong><br \/>\nPlease contact us for detailed information.<\/p>\n<\/article>\n<\/section><\/div>\n<p><script src=\"https:\/\/ajax.googleapis.com\/ajax\/libs\/jquery\/1.6.2\/jquery.min.js\"><\/script><br \/>\n  <script src=\"https:\/\/global-players-consulting.de\/accordly.js\"><\/script><br \/>\n<script>\n  $('.accordion').accordy({\n    });\n<\/script><\/p>\n<div class=\"kacheln\">\n<a href=\"https:\/\/www.global-players-consulting.de\/index.php\/projektmanagement-consulting\/projektmanagement-coaching\/\"><\/p>\n<div class=\"kachel\">Pro-Coach <br \/>\nPM-Coaching<\/div>\n<p><\/a><a href=\"https:\/\/www.global-players-consulting.de\/index.php\/projektmanagement-consulting\/project-management-office-pmo\/\"><\/p>\n<div class=\"kachel\">Pro-Office <br \/>\nPMO<\/div>\n<p><\/a><a href=\"https:\/\/www.global-players-consulting.de\/index.php\/projektmanagement-consulting\/agiles-projektmanagement\/\"><\/p>\n<div class=\"kachel\">Pro-gile <br \/>\nAgiles PM<\/div>\n<p><\/a><a href=\"https:\/\/www.global-players-consulting.de\/index.php\/projektmanagement-consulting\/prozessberatung\/\"><\/p>\n<div class=\"kachel\">Pro-Cedo PM-Process Consulting<\/div>\n<p><\/a><a href=\"https:\/\/www.global-players-consulting.de\/index.php\/projektmanagement-consulting\/portfoliomanagement\/\"><\/p>\n<div class=\"kachel\">Pro-Port Portfolio Management<\/div>\n<p><\/a>\n<\/div>\n<p><\/p>","protected":false},"excerpt":{"rendered":"<p>Entrust us with your project \u2013 We cover your back\u25bc We assume full or partial responsibility for your projects, when this project is crucial for progress and success of your company you do not have own resources available with enough<\/p>\n","protected":false},"author":2,"featured_media":0,"parent":444,"menu_order":0,"comment_status":"closed","ping_status":"closed","template":"","meta":{"footnotes":""},"class_list":["post-636","page","type-page","status-publish","hentry"],"yoast_head":"<!-- This site is optimized with the Yoast SEO plugin v27.5 - https:\/\/yoast.com\/product\/yoast-seo-wordpress\/ -->\n<title>Pro-Lead: Project Direction - Global Players Consulting GmbH<\/title>\n<meta name=\"description\" content=\"Vertrauen Sie uns Ihr Projekt an \u2013 Wir halten Ihnen den R\u00fccken frei. Wir \u00fcbernehmen die Projektleitung in Gesamt- oder Teilverantwortung f\u00fcr Ihre Projekte.\" \/>\n<meta name=\"robots\" content=\"index, follow, max-snippet:-1, max-image-preview:large, max-video-preview:-1\" \/>\n<link rel=\"canonical\" href=\"https:\/\/global-players-consulting.de\/projektmanagement-it-beratung\/projektmanagement-beratung\/projektleitung\/\" \/>\n<meta property=\"og:locale\" content=\"en_US\" \/>\n<meta property=\"og:type\" content=\"article\" \/>\n<meta property=\"og:title\" content=\"Pro-Lead: Project Direction - Global Players Consulting GmbH\" \/>\n<meta property=\"og:description\" content=\"Vertrauen Sie uns Ihr Projekt an \u2013 Wir halten Ihnen den R\u00fccken frei. Wir \u00fcbernehmen die Projektleitung in Gesamt- oder Teilverantwortung f\u00fcr Ihre Projekte.\" \/>\n<meta property=\"og:url\" content=\"https:\/\/global-players-consulting.de\/projektmanagement-it-beratung\/projektmanagement-beratung\/projektleitung\/\" \/>\n<meta property=\"og:site_name\" content=\"Global Players Consulting GmbH\" \/>\n<meta property=\"article:modified_time\" content=\"2018-05-24T12:53:12+00:00\" \/>\n<meta property=\"og:image\" content=\"https:\/\/www.global-players-consulting.de\/wp-content\/uploads\/2018\/03\/Mr.Pro_ProLead.png\" \/>\n<meta name=\"twitter:card\" content=\"summary_large_image\" \/>\n<meta name=\"twitter:label1\" content=\"Est. reading time\" \/>\n\t<meta name=\"twitter:data1\" content=\"4 minutes\" \/>\n<script type=\"application\/ld+json\" class=\"yoast-schema-graph\">{\"@context\":\"https:\\\/\\\/schema.org\",\"@graph\":[{\"@type\":\"WebPage\",\"@id\":\"https:\\\/\\\/global-players-consulting.de\\\/projektmanagement-it-beratung\\\/projektmanagement-beratung\\\/projektleitung\\\/\",\"url\":\"https:\\\/\\\/global-players-consulting.de\\\/projektmanagement-it-beratung\\\/projektmanagement-beratung\\\/projektleitung\\\/\",\"name\":\"Pro-Lead: Project Direction - Global Players Consulting GmbH\",\"isPartOf\":{\"@id\":\"https:\\\/\\\/global-players-consulting.de\\\/#website\"},\"primaryImageOfPage\":{\"@id\":\"https:\\\/\\\/global-players-consulting.de\\\/projektmanagement-it-beratung\\\/projektmanagement-beratung\\\/projektleitung\\\/#primaryimage\"},\"image\":{\"@id\":\"https:\\\/\\\/global-players-consulting.de\\\/projektmanagement-it-beratung\\\/projektmanagement-beratung\\\/projektleitung\\\/#primaryimage\"},\"thumbnailUrl\":\"https:\\\/\\\/www.global-players-consulting.de\\\/wp-content\\\/uploads\\\/2018\\\/03\\\/Mr.Pro_ProLead.png\",\"datePublished\":\"2017-02-15T22:35:37+00:00\",\"dateModified\":\"2018-05-24T12:53:12+00:00\",\"description\":\"Vertrauen Sie uns Ihr Projekt an \u2013 Wir halten Ihnen den R\u00fccken frei. Wir \u00fcbernehmen die Projektleitung in Gesamt- oder Teilverantwortung f\u00fcr Ihre Projekte.\",\"breadcrumb\":{\"@id\":\"https:\\\/\\\/global-players-consulting.de\\\/projektmanagement-it-beratung\\\/projektmanagement-beratung\\\/projektleitung\\\/#breadcrumb\"},\"inLanguage\":\"en-US\",\"potentialAction\":[{\"@type\":\"ReadAction\",\"target\":[\"https:\\\/\\\/global-players-consulting.de\\\/projektmanagement-it-beratung\\\/projektmanagement-beratung\\\/projektleitung\\\/\"]}]},{\"@type\":\"ImageObject\",\"inLanguage\":\"en-US\",\"@id\":\"https:\\\/\\\/global-players-consulting.de\\\/projektmanagement-it-beratung\\\/projektmanagement-beratung\\\/projektleitung\\\/#primaryimage\",\"url\":\"https:\\\/\\\/www.global-players-consulting.de\\\/wp-content\\\/uploads\\\/2018\\\/03\\\/Mr.Pro_ProLead.png\",\"contentUrl\":\"https:\\\/\\\/www.global-players-consulting.de\\\/wp-content\\\/uploads\\\/2018\\\/03\\\/Mr.Pro_ProLead.png\"},{\"@type\":\"BreadcrumbList\",\"@id\":\"https:\\\/\\\/global-players-consulting.de\\\/projektmanagement-it-beratung\\\/projektmanagement-beratung\\\/projektleitung\\\/#breadcrumb\",\"itemListElement\":[{\"@type\":\"ListItem\",\"position\":1,\"name\":\"Startseite\",\"item\":\"https:\\\/\\\/global-players-consulting.de\\\/\"},{\"@type\":\"ListItem\",\"position\":2,\"name\":\"Projektmanagement &amp; IT Consulting\",\"item\":\"https:\\\/\\\/global-players-consulting.de\\\/projektmanagement-it-beratung\\\/\"},{\"@type\":\"ListItem\",\"position\":3,\"name\":\"Projektmanagement Consulting\",\"item\":\"https:\\\/\\\/global-players-consulting.de\\\/projektmanagement-it-beratung\\\/projektmanagement-beratung\\\/\"},{\"@type\":\"ListItem\",\"position\":4,\"name\":\"Pro-Lead: Projektleitung\"}]},{\"@type\":\"WebSite\",\"@id\":\"https:\\\/\\\/global-players-consulting.de\\\/#website\",\"url\":\"https:\\\/\\\/global-players-consulting.de\\\/\",\"name\":\"Global Players Consulting GmbH\",\"description\":\"Competence in Project Business\",\"publisher\":{\"@id\":\"https:\\\/\\\/global-players-consulting.de\\\/#organization\"},\"potentialAction\":[{\"@type\":\"SearchAction\",\"target\":{\"@type\":\"EntryPoint\",\"urlTemplate\":\"https:\\\/\\\/global-players-consulting.de\\\/?s={search_term_string}\"},\"query-input\":{\"@type\":\"PropertyValueSpecification\",\"valueRequired\":true,\"valueName\":\"search_term_string\"}}],\"inLanguage\":\"en-US\"},{\"@type\":\"Organization\",\"@id\":\"https:\\\/\\\/global-players-consulting.de\\\/#organization\",\"name\":\"Global Players Consulting GmbH\",\"url\":\"https:\\\/\\\/global-players-consulting.de\\\/\",\"logo\":{\"@type\":\"ImageObject\",\"inLanguage\":\"en-US\",\"@id\":\"https:\\\/\\\/global-players-consulting.de\\\/#\\\/schema\\\/logo\\\/image\\\/\",\"url\":\"https:\\\/\\\/global-players-consulting.de\\\/wp-content\\\/uploads\\\/2017\\\/01\\\/cropped-cropped-GPC-Logo_ohne_Untertitel-2-1.png\",\"contentUrl\":\"https:\\\/\\\/global-players-consulting.de\\\/wp-content\\\/uploads\\\/2017\\\/01\\\/cropped-cropped-GPC-Logo_ohne_Untertitel-2-1.png\",\"width\":615,\"height\":538,\"caption\":\"Global Players Consulting GmbH\"},\"image\":{\"@id\":\"https:\\\/\\\/global-players-consulting.de\\\/#\\\/schema\\\/logo\\\/image\\\/\"}}]}<\/script>\n<!-- \/ Yoast SEO plugin. -->","yoast_head_json":{"title":"Pro-Lead: Project Direction - Global Players Consulting GmbH","description":"Vertrauen Sie uns Ihr Projekt an \u2013 Wir halten Ihnen den R\u00fccken frei. Wir \u00fcbernehmen die Projektleitung in Gesamt- oder Teilverantwortung f\u00fcr Ihre Projekte.","robots":{"index":"index","follow":"follow","max-snippet":"max-snippet:-1","max-image-preview":"max-image-preview:large","max-video-preview":"max-video-preview:-1"},"canonical":"https:\/\/global-players-consulting.de\/projektmanagement-it-beratung\/projektmanagement-beratung\/projektleitung\/","og_locale":"en_US","og_type":"article","og_title":"Pro-Lead: Project Direction - Global Players Consulting GmbH","og_description":"Vertrauen Sie uns Ihr Projekt an \u2013 Wir halten Ihnen den R\u00fccken frei. Wir \u00fcbernehmen die Projektleitung in Gesamt- oder Teilverantwortung f\u00fcr Ihre Projekte.","og_url":"https:\/\/global-players-consulting.de\/projektmanagement-it-beratung\/projektmanagement-beratung\/projektleitung\/","og_site_name":"Global Players Consulting GmbH","article_modified_time":"2018-05-24T12:53:12+00:00","og_image":[{"url":"https:\/\/www.global-players-consulting.de\/wp-content\/uploads\/2018\/03\/Mr.Pro_ProLead.png","type":"","width":"","height":""}],"twitter_card":"summary_large_image","twitter_misc":{"Est. reading time":"4 minutes"},"schema":{"@context":"https:\/\/schema.org","@graph":[{"@type":"WebPage","@id":"https:\/\/global-players-consulting.de\/projektmanagement-it-beratung\/projektmanagement-beratung\/projektleitung\/","url":"https:\/\/global-players-consulting.de\/projektmanagement-it-beratung\/projektmanagement-beratung\/projektleitung\/","name":"Pro-Lead: Project Direction - Global Players Consulting GmbH","isPartOf":{"@id":"https:\/\/global-players-consulting.de\/#website"},"primaryImageOfPage":{"@id":"https:\/\/global-players-consulting.de\/projektmanagement-it-beratung\/projektmanagement-beratung\/projektleitung\/#primaryimage"},"image":{"@id":"https:\/\/global-players-consulting.de\/projektmanagement-it-beratung\/projektmanagement-beratung\/projektleitung\/#primaryimage"},"thumbnailUrl":"https:\/\/www.global-players-consulting.de\/wp-content\/uploads\/2018\/03\/Mr.Pro_ProLead.png","datePublished":"2017-02-15T22:35:37+00:00","dateModified":"2018-05-24T12:53:12+00:00","description":"Vertrauen Sie uns Ihr Projekt an \u2013 Wir halten Ihnen den R\u00fccken frei. Wir \u00fcbernehmen die Projektleitung in Gesamt- oder Teilverantwortung f\u00fcr Ihre Projekte.","breadcrumb":{"@id":"https:\/\/global-players-consulting.de\/projektmanagement-it-beratung\/projektmanagement-beratung\/projektleitung\/#breadcrumb"},"inLanguage":"en-US","potentialAction":[{"@type":"ReadAction","target":["https:\/\/global-players-consulting.de\/projektmanagement-it-beratung\/projektmanagement-beratung\/projektleitung\/"]}]},{"@type":"ImageObject","inLanguage":"en-US","@id":"https:\/\/global-players-consulting.de\/projektmanagement-it-beratung\/projektmanagement-beratung\/projektleitung\/#primaryimage","url":"https:\/\/www.global-players-consulting.de\/wp-content\/uploads\/2018\/03\/Mr.Pro_ProLead.png","contentUrl":"https:\/\/www.global-players-consulting.de\/wp-content\/uploads\/2018\/03\/Mr.Pro_ProLead.png"},{"@type":"BreadcrumbList","@id":"https:\/\/global-players-consulting.de\/projektmanagement-it-beratung\/projektmanagement-beratung\/projektleitung\/#breadcrumb","itemListElement":[{"@type":"ListItem","position":1,"name":"Startseite","item":"https:\/\/global-players-consulting.de\/"},{"@type":"ListItem","position":2,"name":"Projektmanagement &amp; IT Consulting","item":"https:\/\/global-players-consulting.de\/projektmanagement-it-beratung\/"},{"@type":"ListItem","position":3,"name":"Projektmanagement Consulting","item":"https:\/\/global-players-consulting.de\/projektmanagement-it-beratung\/projektmanagement-beratung\/"},{"@type":"ListItem","position":4,"name":"Pro-Lead: Projektleitung"}]},{"@type":"WebSite","@id":"https:\/\/global-players-consulting.de\/#website","url":"https:\/\/global-players-consulting.de\/","name":"Global Players Consulting GmbH","description":"Competence in Project Business","publisher":{"@id":"https:\/\/global-players-consulting.de\/#organization"},"potentialAction":[{"@type":"SearchAction","target":{"@type":"EntryPoint","urlTemplate":"https:\/\/global-players-consulting.de\/?s={search_term_string}"},"query-input":{"@type":"PropertyValueSpecification","valueRequired":true,"valueName":"search_term_string"}}],"inLanguage":"en-US"},{"@type":"Organization","@id":"https:\/\/global-players-consulting.de\/#organization","name":"Global Players Consulting GmbH","url":"https:\/\/global-players-consulting.de\/","logo":{"@type":"ImageObject","inLanguage":"en-US","@id":"https:\/\/global-players-consulting.de\/#\/schema\/logo\/image\/","url":"https:\/\/global-players-consulting.de\/wp-content\/uploads\/2017\/01\/cropped-cropped-GPC-Logo_ohne_Untertitel-2-1.png","contentUrl":"https:\/\/global-players-consulting.de\/wp-content\/uploads\/2017\/01\/cropped-cropped-GPC-Logo_ohne_Untertitel-2-1.png","width":615,"height":538,"caption":"Global Players Consulting GmbH"},"image":{"@id":"https:\/\/global-players-consulting.de\/#\/schema\/logo\/image\/"}}]}},"_links":{"self":[{"href":"https:\/\/global-players-consulting.de\/en\/wp-json\/wp\/v2\/pages\/636","targetHints":{"allow":["GET"]}}],"collection":[{"href":"https:\/\/global-players-consulting.de\/en\/wp-json\/wp\/v2\/pages"}],"about":[{"href":"https:\/\/global-players-consulting.de\/en\/wp-json\/wp\/v2\/types\/page"}],"author":[{"embeddable":true,"href":"https:\/\/global-players-consulting.de\/en\/wp-json\/wp\/v2\/users\/2"}],"replies":[{"embeddable":true,"href":"https:\/\/global-players-consulting.de\/en\/wp-json\/wp\/v2\/comments?post=636"}],"version-history":[{"count":29,"href":"https:\/\/global-players-consulting.de\/en\/wp-json\/wp\/v2\/pages\/636\/revisions"}],"predecessor-version":[{"id":2358,"href":"https:\/\/global-players-consulting.de\/en\/wp-json\/wp\/v2\/pages\/636\/revisions\/2358"}],"up":[{"embeddable":true,"href":"https:\/\/global-players-consulting.de\/en\/wp-json\/wp\/v2\/pages\/444"}],"wp:attachment":[{"href":"https:\/\/global-players-consulting.de\/en\/wp-json\/wp\/v2\/media?parent=636"}],"curies":[{"name":"wp","href":"https:\/\/api.w.org\/{rel}","templated":true}]}}