{"id":831,"date":"2017-03-15T15:09:39","date_gmt":"2017-03-15T14:09:39","guid":{"rendered":"http:\/\/www.global-players-consulting.de\/?page_id=831"},"modified":"2018-05-24T15:24:30","modified_gmt":"2018-05-24T13:24:30","slug":"projektmanagement-grundlagen","status":"publish","type":"page","link":"https:\/\/global-players-consulting.de\/en\/projektmanagement-seminare\/projektmanagement-grundlagen\/","title":{"rendered":"Basic Trainings"},"content":{"rendered":"<p><meta name=\"theme-color\" content=\"#003E90\"><\/p>\n<div class=\"accordion\">\n<section>\n<hgroup>\n  Building a solid PM-foundation \u2013 with our Basic Trainings<span class=\"pfeil\">\u25bc<\/span><br \/>\n <\/hgroup>\n<article>\nWith Global Players Consulting\u00b4s Basic Trainings we will lay the foundation to collaborate in professionally directed projects.<\/p>\n<p>As well the trainings will be appropriate as a <strong>team event<\/strong> to kick off larger projects. They focus on developing a <strong>common understanding of \u201eproject culture\u201c<\/strong> \u2013 process models, processes, roles, goals, structures.<\/p>\n<p>We will introduce you to the technical terms of project world and will teach you very quickly how projects work.<br \/>\n <\/article>\n<\/section>\n<section>\n<hgroup>\n  Basic Trainings \u2013 References<span class=\"pfeil\">\u25bc<\/span><br \/>\n <\/hgroup>\n<article>\n<div class=\"eingeklappt ueberpunkt\">\n   <span style=\"cursor:pointer;\" onclick=\"document.getElementById('gemeinsam_text').style.display='block';document.getElementById('gemeinsam_an').style.display='none';     document.getElementById('gemeinsam_zu').style.display='block'\" id=\"gemeinsam_an\" style=\"display: block\"><strong>Pro-FUND \u2013 Project Management FUNDamentals<\/strong> <span class=\"pfeil\">\u25bc<\/span><br \/>\n   <\/span><br \/>\n   <span onclick=\"document.getElementById('gemeinsam_text').style.display='none';document.getElementById('gemeinsam_an').style.display='block';document.getElementById('gemeinsam_zu').style.display='none'\"      id=\"gemeinsam_zu\" style=\"display: none;cursor:pointer\"><strong>Pro-FUND \u2013 Project Management FUNDamentals<\/strong><span class=\"pfeil\">\u25b2<\/span><br \/>\n   <\/span>\n <\/div>\n<div id=\"gemeinsam_text\" class=\"ausgeklappt\" style=\"display: none\">\n<p>  This training enables you accessing the discipline of project management and following the process groups and knowledge areas of PMI<sup>\u00ae<\/sup> standard.<\/p>\n<p>It comprises two training days at 7.5 hours which are modularly structured.<\/p>\n<p>By successful attendance the participants can achieve one of the eligibility requirements for certification as \u201eCertified Associate in Project Management<sup>\u00ae<\/sup> (CAPM<sup>\u00ae<\/sup>)\u201c,  as well as \u201eProject Management Professional<sup>\u00ae<\/sup> (PMP<sup>\u00ae<\/sup>)\u201c according to PMI<sup>\u00ae<\/sup>.<\/p>\n<p>Contact us for further information. <\/p>\n<p>PMI, CAPM und PMP are registered trademarks of Project Management Institute Inc. (PMI).\n   <\/p><\/div>\n<div class=\"eingeklappt ueberpunkt\">\n   <span style=\"cursor:pointer;\" onclick=\"document.getElementById('zuh\u00f6ren_text').style.display='block';document.getElementById('zuh\u00f6ren_an').style.display='none';     document.getElementById('zuh\u00f6ren_zu').style.display='block'\" id=\"zuh\u00f6ren_an\" style=\"display: block\"><strong>projactivity<sup>\u00ae<\/sup> \u2013 Safe in Project Management<\/strong><span class=\"pfeil\">\u25bc<\/span><br \/>\n   <\/span><br \/>\n   <span onclick=\"document.getElementById('zuh\u00f6ren_text').style.display='none';document.getElementById('zuh\u00f6ren_an').style.display='block';document.getElementById('zuh\u00f6ren_zu').style.display='none'\"      id=\"zuh\u00f6ren_zu\" style=\"display: none;cursor:pointer\"><strong>projactivity<sup>\u00ae<\/sup> \u2013 Safe in Project Management<\/strong><span class=\"pfeil\">\u25b2<\/span><br \/>\n   <\/span>\n <\/div>\n<div id=\"zuh\u00f6ren_text\" class=\"ausgeklappt\" style=\"display: none\">\n<p><img decoding=\"async\" class=\"img\" src=\"https:\/\/www.global-players-consulting.de\/wp-content\/uploads\/2017\/03\/projactivity.png\" alt=\"projactivity\"><\/p>\n<p> For this training we jointly cooperate with the inventor of the board simulation projactivity<sup>\u00ae<\/sup>, Joachim Beck, and his company, Getoq Training and Media GmbH Bremen.<\/p>\n<p>2-days Basic Training projactivity<sup>\u00ae<\/sup> addresses both first-timers and experienced project managers:<br \/>\nBeginners will acquire basic knowledge and an overall context of project management; Experts will be able to review their patterns of thought and get in discussion about project processes.  <\/p>\n<p>The training will also be well-suited as a team event to kick off a project.<\/p>\n<p>Contact us for further information.\n   <\/p><\/div>\n<\/article>\n<\/section>\n<\/div>\n<p><script src=\"https:\/\/ajax.googleapis.com\/ajax\/libs\/jquery\/1.6.2\/jquery.min.js\"><\/script><br \/>\n  <script src=\"https:\/\/global-players-consulting.de\/accordly.js\"><\/script><br \/>\n<script>\n  $('.accordion').accordy({\n    });\n<\/script><\/p>\n<div class=\"kacheln\">\n   <a href=\"https:\/\/www.global-players-consulting.de\/index.php\/projektmanagement-training\/projektmanagement-methoden\/\"><\/p>\n<div class=\"kachel\">Training <br \/>Point of View<\/div>\n<p><\/a><a href=\"https:\/\/www.global-players-consulting.de\/index.php\/projektmanagement-training\/projektmanagement-intensivseminare\/\"><\/p>\n<div class=\"kachel\">Intensive<br \/>Trainings<\/div>\n<p><\/a><a href=\"https:\/\/www.global-players-consulting.de\/index.php\/projektmanagement-training\/projektmanagement-agil-scrum\/\"><\/p>\n<div class=\"kachel\">Agile<br \/>Trainings<\/div>\n<p><\/a><a href=\"https:\/\/www.global-players-consulting.de\/index.php\/projektmanagement-training\/projektmanagement-pmi\/\"><\/p>\n<div class=\"kachel\">PMI<sup>\u00ae<\/sup> &#038;<br \/>International PM<\/div>\n<p><\/a><a href=\"https:\/\/www.global-players-consulting.de\/index.php\/projektmanagement-training\/projektmanagement-strategie\/\"><\/p>\n<div class=\"kachel\">Individual Trainings &#038; Workshops<\/div>\n<p><\/a>\n<\/div>\n<p><\/p>","protected":false},"excerpt":{"rendered":"<p>Building a solid PM-foundation \u2013 with our Basic Trainings\u25bc With Global Players Consulting\u00b4s Basic Trainings we will lay the foundation to collaborate in professionally directed projects. As well the trainings will be appropriate as a team event to kick off<\/p>\n","protected":false},"author":2,"featured_media":0,"parent":779,"menu_order":0,"comment_status":"closed","ping_status":"closed","template":"","meta":{"footnotes":""},"class_list":["post-831","page","type-page","status-publish","hentry"],"yoast_head":"<!-- This site is optimized with the Yoast SEO plugin v27.5 - https:\/\/yoast.com\/product\/yoast-seo-wordpress\/ -->\n<title>Basic Trainings - Global Players Consulting GmbH<\/title>\n<meta name=\"description\" content=\"Mit unseren Basic Trainings schaffen Sie den Einstieg ins Projektmanagement und legen das Fundament f\u00fcr die Mitarbeit in professionell gef\u00fchrten Projekten.\" \/>\n<meta name=\"robots\" content=\"index, follow, max-snippet:-1, max-image-preview:large, max-video-preview:-1\" \/>\n<link rel=\"canonical\" href=\"https:\/\/global-players-consulting.de\/projektmanagement-seminare\/projektmanagement-grundlagen\/\" \/>\n<meta property=\"og:locale\" content=\"en_US\" \/>\n<meta property=\"og:type\" content=\"article\" \/>\n<meta property=\"og:title\" content=\"Basic Trainings - Global Players Consulting GmbH\" \/>\n<meta property=\"og:description\" content=\"Mit unseren Basic Trainings schaffen Sie den Einstieg ins Projektmanagement und legen das Fundament f\u00fcr die Mitarbeit in professionell gef\u00fchrten Projekten.\" \/>\n<meta property=\"og:url\" content=\"https:\/\/global-players-consulting.de\/projektmanagement-seminare\/projektmanagement-grundlagen\/\" \/>\n<meta property=\"og:site_name\" content=\"Global Players Consulting GmbH\" \/>\n<meta property=\"article:modified_time\" content=\"2018-05-24T13:24:30+00:00\" \/>\n<meta property=\"og:image\" content=\"https:\/\/www.global-players-consulting.de\/wp-content\/uploads\/2018\/03\/Mr.Pro_BasicTraining.png\" \/>\n<meta name=\"twitter:card\" content=\"summary_large_image\" \/>\n<meta name=\"twitter:label1\" content=\"Est. reading time\" \/>\n\t<meta name=\"twitter:data1\" content=\"4 minutes\" \/>\n<script type=\"application\/ld+json\" class=\"yoast-schema-graph\">{\"@context\":\"https:\\\/\\\/schema.org\",\"@graph\":[{\"@type\":\"WebPage\",\"@id\":\"https:\\\/\\\/global-players-consulting.de\\\/projektmanagement-seminare\\\/projektmanagement-grundlagen\\\/\",\"url\":\"https:\\\/\\\/global-players-consulting.de\\\/projektmanagement-seminare\\\/projektmanagement-grundlagen\\\/\",\"name\":\"Basic Trainings - Global Players Consulting GmbH\",\"isPartOf\":{\"@id\":\"https:\\\/\\\/global-players-consulting.de\\\/#website\"},\"primaryImageOfPage\":{\"@id\":\"https:\\\/\\\/global-players-consulting.de\\\/projektmanagement-seminare\\\/projektmanagement-grundlagen\\\/#primaryimage\"},\"image\":{\"@id\":\"https:\\\/\\\/global-players-consulting.de\\\/projektmanagement-seminare\\\/projektmanagement-grundlagen\\\/#primaryimage\"},\"thumbnailUrl\":\"https:\\\/\\\/www.global-players-consulting.de\\\/wp-content\\\/uploads\\\/2018\\\/03\\\/Mr.Pro_BasicTraining.png\",\"datePublished\":\"2017-03-15T14:09:39+00:00\",\"dateModified\":\"2018-05-24T13:24:30+00:00\",\"description\":\"Mit unseren Basic Trainings schaffen Sie den Einstieg ins Projektmanagement und legen das Fundament f\u00fcr die Mitarbeit in professionell gef\u00fchrten Projekten.\",\"breadcrumb\":{\"@id\":\"https:\\\/\\\/global-players-consulting.de\\\/projektmanagement-seminare\\\/projektmanagement-grundlagen\\\/#breadcrumb\"},\"inLanguage\":\"en-US\",\"potentialAction\":[{\"@type\":\"ReadAction\",\"target\":[\"https:\\\/\\\/global-players-consulting.de\\\/projektmanagement-seminare\\\/projektmanagement-grundlagen\\\/\"]}]},{\"@type\":\"ImageObject\",\"inLanguage\":\"en-US\",\"@id\":\"https:\\\/\\\/global-players-consulting.de\\\/projektmanagement-seminare\\\/projektmanagement-grundlagen\\\/#primaryimage\",\"url\":\"https:\\\/\\\/www.global-players-consulting.de\\\/wp-content\\\/uploads\\\/2018\\\/03\\\/Mr.Pro_BasicTraining.png\",\"contentUrl\":\"https:\\\/\\\/www.global-players-consulting.de\\\/wp-content\\\/uploads\\\/2018\\\/03\\\/Mr.Pro_BasicTraining.png\"},{\"@type\":\"BreadcrumbList\",\"@id\":\"https:\\\/\\\/global-players-consulting.de\\\/projektmanagement-seminare\\\/projektmanagement-grundlagen\\\/#breadcrumb\",\"itemListElement\":[{\"@type\":\"ListItem\",\"position\":1,\"name\":\"Startseite\",\"item\":\"https:\\\/\\\/global-players-consulting.de\\\/\"},{\"@type\":\"ListItem\",\"position\":2,\"name\":\"Projektmanagement Training\",\"item\":\"https:\\\/\\\/global-players-consulting.de\\\/projektmanagement-seminare\\\/\"},{\"@type\":\"ListItem\",\"position\":3,\"name\":\"Basic Trainings\"}]},{\"@type\":\"WebSite\",\"@id\":\"https:\\\/\\\/global-players-consulting.de\\\/#website\",\"url\":\"https:\\\/\\\/global-players-consulting.de\\\/\",\"name\":\"Global Players Consulting GmbH\",\"description\":\"Competence in Project Business\",\"publisher\":{\"@id\":\"https:\\\/\\\/global-players-consulting.de\\\/#organization\"},\"potentialAction\":[{\"@type\":\"SearchAction\",\"target\":{\"@type\":\"EntryPoint\",\"urlTemplate\":\"https:\\\/\\\/global-players-consulting.de\\\/?s={search_term_string}\"},\"query-input\":{\"@type\":\"PropertyValueSpecification\",\"valueRequired\":true,\"valueName\":\"search_term_string\"}}],\"inLanguage\":\"en-US\"},{\"@type\":\"Organization\",\"@id\":\"https:\\\/\\\/global-players-consulting.de\\\/#organization\",\"name\":\"Global Players Consulting GmbH\",\"url\":\"https:\\\/\\\/global-players-consulting.de\\\/\",\"logo\":{\"@type\":\"ImageObject\",\"inLanguage\":\"en-US\",\"@id\":\"https:\\\/\\\/global-players-consulting.de\\\/#\\\/schema\\\/logo\\\/image\\\/\",\"url\":\"https:\\\/\\\/global-players-consulting.de\\\/wp-content\\\/uploads\\\/2017\\\/01\\\/cropped-cropped-GPC-Logo_ohne_Untertitel-2-1.png\",\"contentUrl\":\"https:\\\/\\\/global-players-consulting.de\\\/wp-content\\\/uploads\\\/2017\\\/01\\\/cropped-cropped-GPC-Logo_ohne_Untertitel-2-1.png\",\"width\":615,\"height\":538,\"caption\":\"Global Players Consulting GmbH\"},\"image\":{\"@id\":\"https:\\\/\\\/global-players-consulting.de\\\/#\\\/schema\\\/logo\\\/image\\\/\"}}]}<\/script>\n<!-- \/ Yoast SEO plugin. -->","yoast_head_json":{"title":"Basic Trainings - Global Players Consulting GmbH","description":"Mit unseren Basic Trainings schaffen Sie den Einstieg ins Projektmanagement und legen das Fundament f\u00fcr die Mitarbeit in professionell gef\u00fchrten Projekten.","robots":{"index":"index","follow":"follow","max-snippet":"max-snippet:-1","max-image-preview":"max-image-preview:large","max-video-preview":"max-video-preview:-1"},"canonical":"https:\/\/global-players-consulting.de\/projektmanagement-seminare\/projektmanagement-grundlagen\/","og_locale":"en_US","og_type":"article","og_title":"Basic Trainings - Global Players Consulting GmbH","og_description":"Mit unseren Basic Trainings schaffen Sie den Einstieg ins Projektmanagement und legen das Fundament f\u00fcr die Mitarbeit in professionell gef\u00fchrten Projekten.","og_url":"https:\/\/global-players-consulting.de\/projektmanagement-seminare\/projektmanagement-grundlagen\/","og_site_name":"Global Players Consulting GmbH","article_modified_time":"2018-05-24T13:24:30+00:00","og_image":[{"url":"https:\/\/www.global-players-consulting.de\/wp-content\/uploads\/2018\/03\/Mr.Pro_BasicTraining.png","type":"","width":"","height":""}],"twitter_card":"summary_large_image","twitter_misc":{"Est. reading time":"4 minutes"},"schema":{"@context":"https:\/\/schema.org","@graph":[{"@type":"WebPage","@id":"https:\/\/global-players-consulting.de\/projektmanagement-seminare\/projektmanagement-grundlagen\/","url":"https:\/\/global-players-consulting.de\/projektmanagement-seminare\/projektmanagement-grundlagen\/","name":"Basic Trainings - Global Players Consulting GmbH","isPartOf":{"@id":"https:\/\/global-players-consulting.de\/#website"},"primaryImageOfPage":{"@id":"https:\/\/global-players-consulting.de\/projektmanagement-seminare\/projektmanagement-grundlagen\/#primaryimage"},"image":{"@id":"https:\/\/global-players-consulting.de\/projektmanagement-seminare\/projektmanagement-grundlagen\/#primaryimage"},"thumbnailUrl":"https:\/\/www.global-players-consulting.de\/wp-content\/uploads\/2018\/03\/Mr.Pro_BasicTraining.png","datePublished":"2017-03-15T14:09:39+00:00","dateModified":"2018-05-24T13:24:30+00:00","description":"Mit unseren Basic Trainings schaffen Sie den Einstieg ins Projektmanagement und legen das Fundament f\u00fcr die Mitarbeit in professionell gef\u00fchrten Projekten.","breadcrumb":{"@id":"https:\/\/global-players-consulting.de\/projektmanagement-seminare\/projektmanagement-grundlagen\/#breadcrumb"},"inLanguage":"en-US","potentialAction":[{"@type":"ReadAction","target":["https:\/\/global-players-consulting.de\/projektmanagement-seminare\/projektmanagement-grundlagen\/"]}]},{"@type":"ImageObject","inLanguage":"en-US","@id":"https:\/\/global-players-consulting.de\/projektmanagement-seminare\/projektmanagement-grundlagen\/#primaryimage","url":"https:\/\/www.global-players-consulting.de\/wp-content\/uploads\/2018\/03\/Mr.Pro_BasicTraining.png","contentUrl":"https:\/\/www.global-players-consulting.de\/wp-content\/uploads\/2018\/03\/Mr.Pro_BasicTraining.png"},{"@type":"BreadcrumbList","@id":"https:\/\/global-players-consulting.de\/projektmanagement-seminare\/projektmanagement-grundlagen\/#breadcrumb","itemListElement":[{"@type":"ListItem","position":1,"name":"Startseite","item":"https:\/\/global-players-consulting.de\/"},{"@type":"ListItem","position":2,"name":"Projektmanagement Training","item":"https:\/\/global-players-consulting.de\/projektmanagement-seminare\/"},{"@type":"ListItem","position":3,"name":"Basic Trainings"}]},{"@type":"WebSite","@id":"https:\/\/global-players-consulting.de\/#website","url":"https:\/\/global-players-consulting.de\/","name":"Global Players Consulting GmbH","description":"Competence in Project Business","publisher":{"@id":"https:\/\/global-players-consulting.de\/#organization"},"potentialAction":[{"@type":"SearchAction","target":{"@type":"EntryPoint","urlTemplate":"https:\/\/global-players-consulting.de\/?s={search_term_string}"},"query-input":{"@type":"PropertyValueSpecification","valueRequired":true,"valueName":"search_term_string"}}],"inLanguage":"en-US"},{"@type":"Organization","@id":"https:\/\/global-players-consulting.de\/#organization","name":"Global Players Consulting GmbH","url":"https:\/\/global-players-consulting.de\/","logo":{"@type":"ImageObject","inLanguage":"en-US","@id":"https:\/\/global-players-consulting.de\/#\/schema\/logo\/image\/","url":"https:\/\/global-players-consulting.de\/wp-content\/uploads\/2017\/01\/cropped-cropped-GPC-Logo_ohne_Untertitel-2-1.png","contentUrl":"https:\/\/global-players-consulting.de\/wp-content\/uploads\/2017\/01\/cropped-cropped-GPC-Logo_ohne_Untertitel-2-1.png","width":615,"height":538,"caption":"Global Players Consulting GmbH"},"image":{"@id":"https:\/\/global-players-consulting.de\/#\/schema\/logo\/image\/"}}]}},"_links":{"self":[{"href":"https:\/\/global-players-consulting.de\/en\/wp-json\/wp\/v2\/pages\/831","targetHints":{"allow":["GET"]}}],"collection":[{"href":"https:\/\/global-players-consulting.de\/en\/wp-json\/wp\/v2\/pages"}],"about":[{"href":"https:\/\/global-players-consulting.de\/en\/wp-json\/wp\/v2\/types\/page"}],"author":[{"embeddable":true,"href":"https:\/\/global-players-consulting.de\/en\/wp-json\/wp\/v2\/users\/2"}],"replies":[{"embeddable":true,"href":"https:\/\/global-players-consulting.de\/en\/wp-json\/wp\/v2\/comments?post=831"}],"version-history":[{"count":37,"href":"https:\/\/global-players-consulting.de\/en\/wp-json\/wp\/v2\/pages\/831\/revisions"}],"predecessor-version":[{"id":2386,"href":"https:\/\/global-players-consulting.de\/en\/wp-json\/wp\/v2\/pages\/831\/revisions\/2386"}],"up":[{"embeddable":true,"href":"https:\/\/global-players-consulting.de\/en\/wp-json\/wp\/v2\/pages\/779"}],"wp:attachment":[{"href":"https:\/\/global-players-consulting.de\/en\/wp-json\/wp\/v2\/media?parent=831"}],"curies":[{"name":"wp","href":"https:\/\/api.w.org\/{rel}","templated":true}]}}