{"id":838,"date":"2017-03-15T15:39:03","date_gmt":"2017-03-15T14:39:03","guid":{"rendered":"http:\/\/www.global-players-consulting.de\/?page_id=838"},"modified":"2018-05-24T15:30:25","modified_gmt":"2018-05-24T13:30:25","slug":"projektmanagement-intensivseminare","status":"publish","type":"page","link":"https:\/\/global-players-consulting.de\/en\/projektmanagement-seminare\/projektmanagement-intensivseminare\/","title":{"rendered":"Intensive Trainings"},"content":{"rendered":"<p><meta name=\"theme-color\" content=\"#003E90\"><\/p>\n<div class=\"accordion\">\n<section>\n<hgroup>\n Know-how for professionals \u2013 Intensive Trainings by Global Players Consulting <span class=\"pfeil\">\u25bc<\/span><br \/>\n <\/hgroup>\n<article>\n  Nearly each professional in any industry and company takes part in (international) project business. Thus it is crucial that projects will be management as competently as normal \u201eday-to-day business\u201c.<\/p>\n<p>In our Intensive Trainings the participants will receive <strong>thorough training<\/strong> in project management. We integrate <strong>all fields of competence<\/strong> which professional project managers require to direct projects in their organisation: methods and processes \u2013 social skills \u2013 leadership skills \u2013 functional and industry-specific know-how.<\/p>\n<p>Our Intensive Trainings will allow <strong>embedding in corporate-specific qualification programs<\/strong>. They are convienent for personal education and <strong>preparation for a project management certification.<\/strong><\/p>\n<\/article>\n<\/section>\n<section>\n<hgroup>\n  Intensive Trainings \u2013 References<span class=\"pfeil\">\u25bc<\/span><br \/>\n <\/hgroup>\n<article>\n<div class=\"eingeklappt ueberpunkt\">\n   <span style=\"cursor:pointer;\" onclick=\"document.getElementById('gemeinsam_text').style.display='block';document.getElementById('gemeinsam_an').style.display='none';     document.getElementById('gemeinsam_zu').style.display='block'\" id=\"gemeinsam_an\" style=\"display: block\"><strong>Pro-KOM \u2013 Project Management KOMpakt<\/strong> <span class=\"pfeil\">\u25bc<\/span><br \/>\n   <\/span><br \/>\n   <span onclick=\"document.getElementById('gemeinsam_text').style.display='none';document.getElementById('gemeinsam_an').style.display='block';document.getElementById('gemeinsam_zu').style.display='none'\"      id=\"gemeinsam_zu\" style=\"display: none;cursor:pointer\"><strong>Pro-KOM \u2013 Project Management KOMpakt<\/strong> <span class=\"pfeil\">\u25b2<\/span><br \/>\n   <\/span>\n <\/div>\n<div id=\"gemeinsam_text\" class=\"ausgeklappt\" style=\"display: none\">\n<p>   Goals of this four days course are:<\/p>\n<ul>\n<li>Gain good knowledge about methodical procedures in projects following standardized process models.<\/li>\n<li>Apply tools and techniques for project management in practice.<\/li>\n<\/ul>\n<p><strong>NEW:<\/strong> We integrate project simulation <strong>projactivity<sup>\u00ae<\/sup><\/strong> of Getoq Training and Media GmbH in this seminar. Following a \u201eblended learning concept\u201c participants will interactively plan and control a project and thus consolidate theoretical knowledge. They will attain immediate feedback on project results and learn from consequences of their own actions. <\/p>\n<p>Contact us for further information.\n   <\/p><\/div>\n<div class=\"eingeklappt ueberpunkt\">\n   <span style=\"cursor:pointer;\" onclick=\"document.getElementById('zuh\u00f6ren_text').style.display='block';document.getElementById('zuh\u00f6ren_an').style.display='none';     document.getElementById('zuh\u00f6ren_zu').style.display='block'\" id=\"zuh\u00f6ren_an\" style=\"display: block\"><strong>Pro-FIT \u2013 Project Management for IT Professionals<\/strong> <span class=\"pfeil\">\u25bc<\/span><br \/>\n   <\/span><br \/>\n   <span onclick=\"document.getElementById('zuh\u00f6ren_text').style.display='none';document.getElementById('zuh\u00f6ren_an').style.display='block';document.getElementById('zuh\u00f6ren_zu').style.display='none'\"      id=\"zuh\u00f6ren_zu\" style=\"display: none;cursor:pointer\"><strong>Pro-FIT \u2013 Project Management for IT Professionals<\/strong> <span class=\"pfeil\">\u25b2<\/span><br \/>\n   <\/span>\n <\/div>\n<div id=\"zuh\u00f6ren_text\" class=\"ausgeklappt\" style=\"display: none\">\n<p>Our Intensive Training \u201ePro-FIT\u201c comprises a thorough training in project management and is focussed on directing IT projects.<\/p>\n<p>Objectives of this twelve days course are: <\/p>\n<ul>\n<li>Gain good knowledge about methodical procedures in projects following standardized process models (especially PMI<sup>\u00ae<\/sup>).<\/li>\n<li>Enlarge and improve methodical and personal competencies which are required for collaboration and management of IT projects.<\/li>\n<li>Practical training of participants in miscellaneous roles (team member, sub project manager, project manager), application of tools and techniques in project management.<\/li>\n<\/ul>\n<p>\u201ePro-FIT\u201c follows a \u201eblended learning concept\u201c:  participants will interactively plan and control a project and thus consolidate theoretical knowledge.<br \/>\nBy successful attendance the participants can achieve one of the eligibility requirements for certification as \u201eCertified Associate in Project Management<sup>\u00ae<\/sup> (CAPM<sup>\u00ae<\/sup>)\u201c,  as well as \u201eProject Management Professional<sup>\u00ae<\/sup> (PMP<sup>\u00ae<\/sup>)\u201c according to PMI<sup>\u00ae<\/sup>.<\/p>\n<p>Contact us for further information. <\/p>\n<p>PMI, CAPM und PMP are registered trademarks of Project Management Institute Inc. (PMI).\n   <\/p><\/div>\n<\/article>\n<\/section>\n<\/div>\n<p><script src=\"https:\/\/ajax.googleapis.com\/ajax\/libs\/jquery\/1.6.2\/jquery.min.js\"><\/script><br \/>\n  <script src=\"https:\/\/global-players-consulting.de\/accordly.js\"><\/script><br \/>\n<script>\n  $('.accordion').accordy({\n    });\n<\/script><\/p>\n<div class=\"kacheln\">\n   <a href=\"https:\/\/www.global-players-consulting.de\/index.php\/projektmanagement-training\/projektmanagement-methoden\/\"><\/p>\n<div class=\"kachel\">Training <br \/>Point of View<\/div>\n<p><\/a><a href=\"https:\/\/www.global-players-consulting.de\/index.php\/projektmanagement-training\/projektmanagement-grundlagen\/\"><\/p>\n<div class=\"kachel\">Basic<br \/>Trainings<\/div>\n<p><\/a><a href=\"https:\/\/www.global-players-consulting.de\/index.php\/projektmanagement-training\/projektmanagement-agil-scrum\/\"><\/p>\n<div class=\"kachel\">Agile<br \/>Trainings<\/div>\n<p><\/a><a href=\"https:\/\/www.global-players-consulting.de\/index.php\/projektmanagement-training\/projektmanagement-pmi\/\"><\/p>\n<div class=\"kachel\">PMI<sup>\u00ae<\/sup> &#038;<br \/>International PM<\/div>\n<p><\/a><a href=\"https:\/\/www.global-players-consulting.de\/index.php\/projektmanagement-training\/projektmanagement-strategie\/\"><\/p>\n<div class=\"kachel\">Individual Trainings &#038; Workshops<\/div>\n<p><\/a>\n<\/div>\n<p><\/p>","protected":false},"excerpt":{"rendered":"<p>Know-how for professionals \u2013 Intensive Trainings by Global Players Consulting \u25bc Nearly each professional in any industry and company takes part in (international) project business. Thus it is crucial that projects will be management as competently as normal \u201eday-to-day business\u201c.<\/p>\n","protected":false},"author":2,"featured_media":0,"parent":779,"menu_order":0,"comment_status":"closed","ping_status":"closed","template":"","meta":{"footnotes":""},"class_list":["post-838","page","type-page","status-publish","hentry"],"yoast_head":"<!-- This site is optimized with the Yoast SEO plugin v27.4 - https:\/\/yoast.com\/product\/yoast-seo-wordpress\/ -->\n<title>Intensive Trainings - Global Players Consulting GmbH<\/title>\n<meta name=\"description\" content=\"Know-how f\u00fcr Professionals. In unseren Intensive Trainings erhalten die Teilnehmer eine gr\u00fcndliche Ausbildung in der Fachdisziplin Projektmanagement.\" \/>\n<meta name=\"robots\" content=\"index, follow, max-snippet:-1, max-image-preview:large, max-video-preview:-1\" \/>\n<link rel=\"canonical\" href=\"https:\/\/global-players-consulting.de\/projektmanagement-seminare\/projektmanagement-intensivseminare\/\" \/>\n<meta property=\"og:locale\" content=\"en_US\" \/>\n<meta property=\"og:type\" content=\"article\" \/>\n<meta property=\"og:title\" content=\"Intensive Trainings - Global Players Consulting GmbH\" \/>\n<meta property=\"og:description\" content=\"Know-how f\u00fcr Professionals. In unseren Intensive Trainings erhalten die Teilnehmer eine gr\u00fcndliche Ausbildung in der Fachdisziplin Projektmanagement.\" \/>\n<meta property=\"og:url\" content=\"https:\/\/global-players-consulting.de\/projektmanagement-seminare\/projektmanagement-intensivseminare\/\" \/>\n<meta property=\"og:site_name\" content=\"Global Players Consulting GmbH\" \/>\n<meta property=\"article:modified_time\" content=\"2018-05-24T13:30:25+00:00\" \/>\n<meta property=\"og:image\" content=\"https:\/\/www.global-players-consulting.de\/wp-content\/uploads\/2018\/03\/Mr.Pro_IntensiveTrainings-1.png\" \/>\n<meta name=\"twitter:card\" content=\"summary_large_image\" \/>\n<meta name=\"twitter:label1\" content=\"Est. reading time\" \/>\n\t<meta name=\"twitter:data1\" content=\"5 minutes\" \/>\n<script type=\"application\/ld+json\" class=\"yoast-schema-graph\">{\"@context\":\"https:\\\/\\\/schema.org\",\"@graph\":[{\"@type\":\"WebPage\",\"@id\":\"https:\\\/\\\/global-players-consulting.de\\\/projektmanagement-seminare\\\/projektmanagement-intensivseminare\\\/\",\"url\":\"https:\\\/\\\/global-players-consulting.de\\\/projektmanagement-seminare\\\/projektmanagement-intensivseminare\\\/\",\"name\":\"Intensive Trainings - Global Players Consulting GmbH\",\"isPartOf\":{\"@id\":\"https:\\\/\\\/global-players-consulting.de\\\/#website\"},\"primaryImageOfPage\":{\"@id\":\"https:\\\/\\\/global-players-consulting.de\\\/projektmanagement-seminare\\\/projektmanagement-intensivseminare\\\/#primaryimage\"},\"image\":{\"@id\":\"https:\\\/\\\/global-players-consulting.de\\\/projektmanagement-seminare\\\/projektmanagement-intensivseminare\\\/#primaryimage\"},\"thumbnailUrl\":\"https:\\\/\\\/www.global-players-consulting.de\\\/wp-content\\\/uploads\\\/2018\\\/03\\\/Mr.Pro_IntensiveTrainings-1.png\",\"datePublished\":\"2017-03-15T14:39:03+00:00\",\"dateModified\":\"2018-05-24T13:30:25+00:00\",\"description\":\"Know-how f\u00fcr Professionals. In unseren Intensive Trainings erhalten die Teilnehmer eine gr\u00fcndliche Ausbildung in der Fachdisziplin Projektmanagement.\",\"breadcrumb\":{\"@id\":\"https:\\\/\\\/global-players-consulting.de\\\/projektmanagement-seminare\\\/projektmanagement-intensivseminare\\\/#breadcrumb\"},\"inLanguage\":\"en-US\",\"potentialAction\":[{\"@type\":\"ReadAction\",\"target\":[\"https:\\\/\\\/global-players-consulting.de\\\/projektmanagement-seminare\\\/projektmanagement-intensivseminare\\\/\"]}]},{\"@type\":\"ImageObject\",\"inLanguage\":\"en-US\",\"@id\":\"https:\\\/\\\/global-players-consulting.de\\\/projektmanagement-seminare\\\/projektmanagement-intensivseminare\\\/#primaryimage\",\"url\":\"https:\\\/\\\/www.global-players-consulting.de\\\/wp-content\\\/uploads\\\/2018\\\/03\\\/Mr.Pro_IntensiveTrainings-1.png\",\"contentUrl\":\"https:\\\/\\\/www.global-players-consulting.de\\\/wp-content\\\/uploads\\\/2018\\\/03\\\/Mr.Pro_IntensiveTrainings-1.png\"},{\"@type\":\"BreadcrumbList\",\"@id\":\"https:\\\/\\\/global-players-consulting.de\\\/projektmanagement-seminare\\\/projektmanagement-intensivseminare\\\/#breadcrumb\",\"itemListElement\":[{\"@type\":\"ListItem\",\"position\":1,\"name\":\"Startseite\",\"item\":\"https:\\\/\\\/global-players-consulting.de\\\/\"},{\"@type\":\"ListItem\",\"position\":2,\"name\":\"Projektmanagement Training\",\"item\":\"https:\\\/\\\/global-players-consulting.de\\\/projektmanagement-seminare\\\/\"},{\"@type\":\"ListItem\",\"position\":3,\"name\":\"Intensive Trainings\"}]},{\"@type\":\"WebSite\",\"@id\":\"https:\\\/\\\/global-players-consulting.de\\\/#website\",\"url\":\"https:\\\/\\\/global-players-consulting.de\\\/\",\"name\":\"Global Players Consulting GmbH\",\"description\":\"Competence in Project Business\",\"publisher\":{\"@id\":\"https:\\\/\\\/global-players-consulting.de\\\/#organization\"},\"potentialAction\":[{\"@type\":\"SearchAction\",\"target\":{\"@type\":\"EntryPoint\",\"urlTemplate\":\"https:\\\/\\\/global-players-consulting.de\\\/?s={search_term_string}\"},\"query-input\":{\"@type\":\"PropertyValueSpecification\",\"valueRequired\":true,\"valueName\":\"search_term_string\"}}],\"inLanguage\":\"en-US\"},{\"@type\":\"Organization\",\"@id\":\"https:\\\/\\\/global-players-consulting.de\\\/#organization\",\"name\":\"Global Players Consulting GmbH\",\"url\":\"https:\\\/\\\/global-players-consulting.de\\\/\",\"logo\":{\"@type\":\"ImageObject\",\"inLanguage\":\"en-US\",\"@id\":\"https:\\\/\\\/global-players-consulting.de\\\/#\\\/schema\\\/logo\\\/image\\\/\",\"url\":\"https:\\\/\\\/global-players-consulting.de\\\/wp-content\\\/uploads\\\/2017\\\/01\\\/cropped-cropped-GPC-Logo_ohne_Untertitel-2-1.png\",\"contentUrl\":\"https:\\\/\\\/global-players-consulting.de\\\/wp-content\\\/uploads\\\/2017\\\/01\\\/cropped-cropped-GPC-Logo_ohne_Untertitel-2-1.png\",\"width\":615,\"height\":538,\"caption\":\"Global Players Consulting GmbH\"},\"image\":{\"@id\":\"https:\\\/\\\/global-players-consulting.de\\\/#\\\/schema\\\/logo\\\/image\\\/\"}}]}<\/script>\n<!-- \/ Yoast SEO plugin. -->","yoast_head_json":{"title":"Intensive Trainings - Global Players Consulting GmbH","description":"Know-how f\u00fcr Professionals. In unseren Intensive Trainings erhalten die Teilnehmer eine gr\u00fcndliche Ausbildung in der Fachdisziplin Projektmanagement.","robots":{"index":"index","follow":"follow","max-snippet":"max-snippet:-1","max-image-preview":"max-image-preview:large","max-video-preview":"max-video-preview:-1"},"canonical":"https:\/\/global-players-consulting.de\/projektmanagement-seminare\/projektmanagement-intensivseminare\/","og_locale":"en_US","og_type":"article","og_title":"Intensive Trainings - Global Players Consulting GmbH","og_description":"Know-how f\u00fcr Professionals. In unseren Intensive Trainings erhalten die Teilnehmer eine gr\u00fcndliche Ausbildung in der Fachdisziplin Projektmanagement.","og_url":"https:\/\/global-players-consulting.de\/projektmanagement-seminare\/projektmanagement-intensivseminare\/","og_site_name":"Global Players Consulting GmbH","article_modified_time":"2018-05-24T13:30:25+00:00","og_image":[{"url":"https:\/\/www.global-players-consulting.de\/wp-content\/uploads\/2018\/03\/Mr.Pro_IntensiveTrainings-1.png","type":"","width":"","height":""}],"twitter_card":"summary_large_image","twitter_misc":{"Est. reading time":"5 minutes"},"schema":{"@context":"https:\/\/schema.org","@graph":[{"@type":"WebPage","@id":"https:\/\/global-players-consulting.de\/projektmanagement-seminare\/projektmanagement-intensivseminare\/","url":"https:\/\/global-players-consulting.de\/projektmanagement-seminare\/projektmanagement-intensivseminare\/","name":"Intensive Trainings - Global Players Consulting GmbH","isPartOf":{"@id":"https:\/\/global-players-consulting.de\/#website"},"primaryImageOfPage":{"@id":"https:\/\/global-players-consulting.de\/projektmanagement-seminare\/projektmanagement-intensivseminare\/#primaryimage"},"image":{"@id":"https:\/\/global-players-consulting.de\/projektmanagement-seminare\/projektmanagement-intensivseminare\/#primaryimage"},"thumbnailUrl":"https:\/\/www.global-players-consulting.de\/wp-content\/uploads\/2018\/03\/Mr.Pro_IntensiveTrainings-1.png","datePublished":"2017-03-15T14:39:03+00:00","dateModified":"2018-05-24T13:30:25+00:00","description":"Know-how f\u00fcr Professionals. In unseren Intensive Trainings erhalten die Teilnehmer eine gr\u00fcndliche Ausbildung in der Fachdisziplin Projektmanagement.","breadcrumb":{"@id":"https:\/\/global-players-consulting.de\/projektmanagement-seminare\/projektmanagement-intensivseminare\/#breadcrumb"},"inLanguage":"en-US","potentialAction":[{"@type":"ReadAction","target":["https:\/\/global-players-consulting.de\/projektmanagement-seminare\/projektmanagement-intensivseminare\/"]}]},{"@type":"ImageObject","inLanguage":"en-US","@id":"https:\/\/global-players-consulting.de\/projektmanagement-seminare\/projektmanagement-intensivseminare\/#primaryimage","url":"https:\/\/www.global-players-consulting.de\/wp-content\/uploads\/2018\/03\/Mr.Pro_IntensiveTrainings-1.png","contentUrl":"https:\/\/www.global-players-consulting.de\/wp-content\/uploads\/2018\/03\/Mr.Pro_IntensiveTrainings-1.png"},{"@type":"BreadcrumbList","@id":"https:\/\/global-players-consulting.de\/projektmanagement-seminare\/projektmanagement-intensivseminare\/#breadcrumb","itemListElement":[{"@type":"ListItem","position":1,"name":"Startseite","item":"https:\/\/global-players-consulting.de\/"},{"@type":"ListItem","position":2,"name":"Projektmanagement Training","item":"https:\/\/global-players-consulting.de\/projektmanagement-seminare\/"},{"@type":"ListItem","position":3,"name":"Intensive Trainings"}]},{"@type":"WebSite","@id":"https:\/\/global-players-consulting.de\/#website","url":"https:\/\/global-players-consulting.de\/","name":"Global Players Consulting GmbH","description":"Competence in Project Business","publisher":{"@id":"https:\/\/global-players-consulting.de\/#organization"},"potentialAction":[{"@type":"SearchAction","target":{"@type":"EntryPoint","urlTemplate":"https:\/\/global-players-consulting.de\/?s={search_term_string}"},"query-input":{"@type":"PropertyValueSpecification","valueRequired":true,"valueName":"search_term_string"}}],"inLanguage":"en-US"},{"@type":"Organization","@id":"https:\/\/global-players-consulting.de\/#organization","name":"Global Players Consulting GmbH","url":"https:\/\/global-players-consulting.de\/","logo":{"@type":"ImageObject","inLanguage":"en-US","@id":"https:\/\/global-players-consulting.de\/#\/schema\/logo\/image\/","url":"https:\/\/global-players-consulting.de\/wp-content\/uploads\/2017\/01\/cropped-cropped-GPC-Logo_ohne_Untertitel-2-1.png","contentUrl":"https:\/\/global-players-consulting.de\/wp-content\/uploads\/2017\/01\/cropped-cropped-GPC-Logo_ohne_Untertitel-2-1.png","width":615,"height":538,"caption":"Global Players Consulting GmbH"},"image":{"@id":"https:\/\/global-players-consulting.de\/#\/schema\/logo\/image\/"}}]}},"_links":{"self":[{"href":"https:\/\/global-players-consulting.de\/en\/wp-json\/wp\/v2\/pages\/838","targetHints":{"allow":["GET"]}}],"collection":[{"href":"https:\/\/global-players-consulting.de\/en\/wp-json\/wp\/v2\/pages"}],"about":[{"href":"https:\/\/global-players-consulting.de\/en\/wp-json\/wp\/v2\/types\/page"}],"author":[{"embeddable":true,"href":"https:\/\/global-players-consulting.de\/en\/wp-json\/wp\/v2\/users\/2"}],"replies":[{"embeddable":true,"href":"https:\/\/global-players-consulting.de\/en\/wp-json\/wp\/v2\/comments?post=838"}],"version-history":[{"count":31,"href":"https:\/\/global-players-consulting.de\/en\/wp-json\/wp\/v2\/pages\/838\/revisions"}],"predecessor-version":[{"id":2389,"href":"https:\/\/global-players-consulting.de\/en\/wp-json\/wp\/v2\/pages\/838\/revisions\/2389"}],"up":[{"embeddable":true,"href":"https:\/\/global-players-consulting.de\/en\/wp-json\/wp\/v2\/pages\/779"}],"wp:attachment":[{"href":"https:\/\/global-players-consulting.de\/en\/wp-json\/wp\/v2\/media?parent=838"}],"curies":[{"name":"wp","href":"https:\/\/api.w.org\/{rel}","templated":true}]}}