{"id":841,"date":"2017-03-15T15:48:53","date_gmt":"2017-03-15T14:48:53","guid":{"rendered":"http:\/\/www.global-players-consulting.de\/?page_id=841"},"modified":"2018-05-24T15:16:50","modified_gmt":"2018-05-24T13:16:50","slug":"projektmanagement-agil-scrum","status":"publish","type":"page","link":"https:\/\/global-players-consulting.de\/en\/projektmanagement-seminare\/projektmanagement-agil-scrum\/","title":{"rendered":"Agile Trainings"},"content":{"rendered":"<p><meta name=\"theme-color\" content=\"#003E90\"><\/p>\n<div class=\"accordion\">\n<section>\n<hgroup>\n  Manage your projects agile &#8211; Global Players Consulting will bring you on the right track<span class=\"pfeil\">\u25bc<\/span><br \/>\n <\/hgroup>\n<article>\n  In traditional project management with long lasting and sequential phases value-adding results will be delivered only at a late stage of the project. Changes during project runtime shall be avoided if possible. This increases the risk of obsolete and unaccepted results.<\/p>\n<p>Agile project management methods place great emphasis on <strong>short planning and execution cycles with continuous feedback.<\/strong> The customer will get <strong>usable and marketable results at an earlier stage<\/strong> oft the project \u2013 and transparency whether project goals are realistic and will be achieved.<\/p>\n<p><strong>Get into agile project management with our trainings and achieve sustained success!<\/strong><br \/>\n <\/article>\n<\/section>\n<section>\n<hgroup>\n  Agile Trainings \u2013 References<span class=\"pfeil\">\u25bc<\/span><br \/>\n <\/hgroup>\n<article>\n<div class=\"eingeklappt ueberpunkt\">\n   <span style=\"cursor:pointer;\" onclick=\"document.getElementById('gemeinsam_text').style.display='block';document.getElementById('gemeinsam_an').style.display='none';     document.getElementById('gemeinsam_zu').style.display='block'\" id=\"gemeinsam_an\" style=\"display: block\"><strong>Agile Project Management \u2013 Get your projects rolling.<\/strong><span class=\"pfeil\">\u25bc<\/span><br \/>\n   <\/span><br \/>\n   <span onclick=\"document.getElementById('gemeinsam_text').style.display='none';document.getElementById('gemeinsam_an').style.display='block';document.getElementById('gemeinsam_zu').style.display='none'\"      id=\"gemeinsam_zu\" style=\"display: none;cursor:pointer\"><strong>Agile Project Management \u2013 Get your projects rolling.<\/strong><span class=\"pfeil\">\u25b2<\/span><br \/>\n   <\/span>\n <\/div>\n<div id=\"gemeinsam_text\" class=\"ausgeklappt\" style=\"display: none\">\n<p><strong>Get to know basics of agile project management methods in one day and apply immediately!<\/strong><\/p>\n<p>Learn how to be able to apply agile project management not only in IT projects and software development but also in investment, organisational or research projects.<\/p>\n<p>After the introduction you get started immediately: You will be handed out a \u201equick guide\u201c and exclusive tools free of charge.<\/p>\n<p>Contact us for further information. <\/p><\/div>\n<div class=\"eingeklappt ueberpunkt\">\n   <span style=\"cursor:pointer;\" onclick=\"document.getElementById('zuh\u00f6ren_text').style.display='block';document.getElementById('zuh\u00f6ren_an').style.display='none';     document.getElementById('zuh\u00f6ren_zu').style.display='block'\" id=\"zuh\u00f6ren_an\" style=\"display: block\"><strong>Start-Up-Kit for Agile Teams<\/strong> <span class=\"pfeil\">\u25bc<\/span><br \/>\n   <\/span><br \/>\n   <span onclick=\"document.getElementById('zuh\u00f6ren_text').style.display='none';document.getElementById('zuh\u00f6ren_an').style.display='block';document.getElementById('zuh\u00f6ren_zu').style.display='none'\"      id=\"zuh\u00f6ren_zu\" style=\"display: none;cursor:pointer\"><strong>Start-Up-Kit for Agile Teams<\/strong> <span class=\"pfeil\">\u25b2<\/span><br \/>\n   <\/span>\n <\/div>\n<div id=\"zuh\u00f6ren_text\" class=\"ausgeklappt\" style=\"display: none\">\n<p>This <strong>two-day intensive training<\/strong> will introduce your team members in agile methods an show them by practical exercises and discussions how agile product development by <strong>following the Scrum framework works. <\/strong><\/p>\n<p>After that, we won&#8217;t leave you alone! <strong>Coaching sequences<\/strong> in intervals of two weeks will reflect your gained insights by common retrospectives and management workshops to strengthen and establish scrum.<\/p>\n<p>Contact us for further information. <\/p><\/div>\n<\/article>\n<\/section>\n<\/div>\n<p><script src=\"https:\/\/ajax.googleapis.com\/ajax\/libs\/jquery\/1.6.2\/jquery.min.js\"><\/script><br \/>\n  <script src=\"https:\/\/global-players-consulting.de\/accordly.js\"><\/script><br \/>\n<script>\n  $('.accordion').accordy({\n    });\n<\/script><\/p>\n<div class=\"kacheln\">\n   <a href=\"https:\/\/www.global-players-consulting.de\/index.php\/projektmanagement-training\/projektmanagement-methoden\/\"><\/p>\n<div class=\"kachel\">Training <br \/>Point of View<\/div>\n<p><\/a><a href=\"https:\/\/www.global-players-consulting.de\/index.php\/projektmanagement-training\/projektmanagement-grundlagen\/\"><\/p>\n<div class=\"kachel\">Basic<br \/>Trainings<\/div>\n<p><\/a><a href=\"https:\/\/www.global-players-consulting.de\/index.php\/projektmanagement-training\/projektmanagement-intensivseminare\/\"><\/p>\n<div class=\"kachel\">Intensive<br \/>Trainings<\/div>\n<p><\/a><a href=\"https:\/\/www.global-players-consulting.de\/index.php\/projektmanagement-training\/projektmanagement-pmi\/\"><\/p>\n<div class=\"kachel\">PMI<sup>\u00ae<\/sup> &#038;<br \/>International PM<\/div>\n<p><\/a><a href=\"https:\/\/www.global-players-consulting.de\/index.php\/projektmanagement-training\/projektmanagement-strategie\/\"><\/p>\n<div class=\"kachel\">Individual Trainings &#038; Workshops<\/div>\n<p><\/a>\n<\/div>\n<p><\/p>","protected":false},"excerpt":{"rendered":"<p>Manage your projects agile &#8211; Global Players Consulting will bring you on the right track\u25bc In traditional project management with long lasting and sequential phases value-adding results will be delivered only at a late stage of the project. Changes during<\/p>\n","protected":false},"author":2,"featured_media":0,"parent":779,"menu_order":0,"comment_status":"closed","ping_status":"closed","template":"","meta":{"footnotes":""},"class_list":["post-841","page","type-page","status-publish","hentry"],"yoast_head":"<!-- This site is optimized with the Yoast SEO plugin v27.5 - https:\/\/yoast.com\/product\/yoast-seo-wordpress\/ -->\n<title>Agile Trainings - Global Players Consulting GmbH<\/title>\n<meta name=\"description\" content=\"Agile Trainings. Agile Projektmanagement-Methoden setzen auf kurze Planungs- und Umsetzungszyklen mit kontinuierlichem Feedback.\" \/>\n<meta name=\"robots\" content=\"index, follow, max-snippet:-1, max-image-preview:large, max-video-preview:-1\" \/>\n<link rel=\"canonical\" href=\"https:\/\/global-players-consulting.de\/projektmanagement-seminare\/projektmanagement-agil-scrum\/\" \/>\n<meta property=\"og:locale\" content=\"en_US\" \/>\n<meta property=\"og:type\" content=\"article\" \/>\n<meta property=\"og:title\" content=\"Agile Trainings - Global Players Consulting GmbH\" \/>\n<meta property=\"og:description\" content=\"Agile Trainings. Agile Projektmanagement-Methoden setzen auf kurze Planungs- und Umsetzungszyklen mit kontinuierlichem Feedback.\" \/>\n<meta property=\"og:url\" content=\"https:\/\/global-players-consulting.de\/projektmanagement-seminare\/projektmanagement-agil-scrum\/\" \/>\n<meta property=\"og:site_name\" content=\"Global Players Consulting GmbH\" \/>\n<meta property=\"article:modified_time\" content=\"2018-05-24T13:16:50+00:00\" \/>\n<meta property=\"og:image\" content=\"https:\/\/www.global-players-consulting.de\/wp-content\/uploads\/2018\/03\/Mr.Pro_AgileTrainings.png\" \/>\n<meta name=\"twitter:card\" content=\"summary_large_image\" \/>\n<meta name=\"twitter:label1\" content=\"Est. reading time\" \/>\n\t<meta name=\"twitter:data1\" content=\"3 minutes\" \/>\n<script type=\"application\/ld+json\" class=\"yoast-schema-graph\">{\"@context\":\"https:\\\/\\\/schema.org\",\"@graph\":[{\"@type\":\"WebPage\",\"@id\":\"https:\\\/\\\/global-players-consulting.de\\\/projektmanagement-seminare\\\/projektmanagement-agil-scrum\\\/\",\"url\":\"https:\\\/\\\/global-players-consulting.de\\\/projektmanagement-seminare\\\/projektmanagement-agil-scrum\\\/\",\"name\":\"Agile Trainings - Global Players Consulting GmbH\",\"isPartOf\":{\"@id\":\"https:\\\/\\\/global-players-consulting.de\\\/#website\"},\"primaryImageOfPage\":{\"@id\":\"https:\\\/\\\/global-players-consulting.de\\\/projektmanagement-seminare\\\/projektmanagement-agil-scrum\\\/#primaryimage\"},\"image\":{\"@id\":\"https:\\\/\\\/global-players-consulting.de\\\/projektmanagement-seminare\\\/projektmanagement-agil-scrum\\\/#primaryimage\"},\"thumbnailUrl\":\"https:\\\/\\\/www.global-players-consulting.de\\\/wp-content\\\/uploads\\\/2018\\\/03\\\/Mr.Pro_AgileTrainings.png\",\"datePublished\":\"2017-03-15T14:48:53+00:00\",\"dateModified\":\"2018-05-24T13:16:50+00:00\",\"description\":\"Agile Trainings. Agile Projektmanagement-Methoden setzen auf kurze Planungs- und Umsetzungszyklen mit kontinuierlichem Feedback.\",\"breadcrumb\":{\"@id\":\"https:\\\/\\\/global-players-consulting.de\\\/projektmanagement-seminare\\\/projektmanagement-agil-scrum\\\/#breadcrumb\"},\"inLanguage\":\"en-US\",\"potentialAction\":[{\"@type\":\"ReadAction\",\"target\":[\"https:\\\/\\\/global-players-consulting.de\\\/projektmanagement-seminare\\\/projektmanagement-agil-scrum\\\/\"]}]},{\"@type\":\"ImageObject\",\"inLanguage\":\"en-US\",\"@id\":\"https:\\\/\\\/global-players-consulting.de\\\/projektmanagement-seminare\\\/projektmanagement-agil-scrum\\\/#primaryimage\",\"url\":\"https:\\\/\\\/www.global-players-consulting.de\\\/wp-content\\\/uploads\\\/2018\\\/03\\\/Mr.Pro_AgileTrainings.png\",\"contentUrl\":\"https:\\\/\\\/www.global-players-consulting.de\\\/wp-content\\\/uploads\\\/2018\\\/03\\\/Mr.Pro_AgileTrainings.png\"},{\"@type\":\"BreadcrumbList\",\"@id\":\"https:\\\/\\\/global-players-consulting.de\\\/projektmanagement-seminare\\\/projektmanagement-agil-scrum\\\/#breadcrumb\",\"itemListElement\":[{\"@type\":\"ListItem\",\"position\":1,\"name\":\"Startseite\",\"item\":\"https:\\\/\\\/global-players-consulting.de\\\/\"},{\"@type\":\"ListItem\",\"position\":2,\"name\":\"Projektmanagement Training\",\"item\":\"https:\\\/\\\/global-players-consulting.de\\\/projektmanagement-seminare\\\/\"},{\"@type\":\"ListItem\",\"position\":3,\"name\":\"Agile Trainings\"}]},{\"@type\":\"WebSite\",\"@id\":\"https:\\\/\\\/global-players-consulting.de\\\/#website\",\"url\":\"https:\\\/\\\/global-players-consulting.de\\\/\",\"name\":\"Global Players Consulting GmbH\",\"description\":\"Competence in Project Business\",\"publisher\":{\"@id\":\"https:\\\/\\\/global-players-consulting.de\\\/#organization\"},\"potentialAction\":[{\"@type\":\"SearchAction\",\"target\":{\"@type\":\"EntryPoint\",\"urlTemplate\":\"https:\\\/\\\/global-players-consulting.de\\\/?s={search_term_string}\"},\"query-input\":{\"@type\":\"PropertyValueSpecification\",\"valueRequired\":true,\"valueName\":\"search_term_string\"}}],\"inLanguage\":\"en-US\"},{\"@type\":\"Organization\",\"@id\":\"https:\\\/\\\/global-players-consulting.de\\\/#organization\",\"name\":\"Global Players Consulting GmbH\",\"url\":\"https:\\\/\\\/global-players-consulting.de\\\/\",\"logo\":{\"@type\":\"ImageObject\",\"inLanguage\":\"en-US\",\"@id\":\"https:\\\/\\\/global-players-consulting.de\\\/#\\\/schema\\\/logo\\\/image\\\/\",\"url\":\"https:\\\/\\\/global-players-consulting.de\\\/wp-content\\\/uploads\\\/2017\\\/01\\\/cropped-cropped-GPC-Logo_ohne_Untertitel-2-1.png\",\"contentUrl\":\"https:\\\/\\\/global-players-consulting.de\\\/wp-content\\\/uploads\\\/2017\\\/01\\\/cropped-cropped-GPC-Logo_ohne_Untertitel-2-1.png\",\"width\":615,\"height\":538,\"caption\":\"Global Players Consulting GmbH\"},\"image\":{\"@id\":\"https:\\\/\\\/global-players-consulting.de\\\/#\\\/schema\\\/logo\\\/image\\\/\"}}]}<\/script>\n<!-- \/ Yoast SEO plugin. -->","yoast_head_json":{"title":"Agile Trainings - Global Players Consulting GmbH","description":"Agile Trainings. Agile Projektmanagement-Methoden setzen auf kurze Planungs- und Umsetzungszyklen mit kontinuierlichem Feedback.","robots":{"index":"index","follow":"follow","max-snippet":"max-snippet:-1","max-image-preview":"max-image-preview:large","max-video-preview":"max-video-preview:-1"},"canonical":"https:\/\/global-players-consulting.de\/projektmanagement-seminare\/projektmanagement-agil-scrum\/","og_locale":"en_US","og_type":"article","og_title":"Agile Trainings - Global Players Consulting GmbH","og_description":"Agile Trainings. Agile Projektmanagement-Methoden setzen auf kurze Planungs- und Umsetzungszyklen mit kontinuierlichem Feedback.","og_url":"https:\/\/global-players-consulting.de\/projektmanagement-seminare\/projektmanagement-agil-scrum\/","og_site_name":"Global Players Consulting GmbH","article_modified_time":"2018-05-24T13:16:50+00:00","og_image":[{"url":"https:\/\/www.global-players-consulting.de\/wp-content\/uploads\/2018\/03\/Mr.Pro_AgileTrainings.png","type":"","width":"","height":""}],"twitter_card":"summary_large_image","twitter_misc":{"Est. reading time":"3 minutes"},"schema":{"@context":"https:\/\/schema.org","@graph":[{"@type":"WebPage","@id":"https:\/\/global-players-consulting.de\/projektmanagement-seminare\/projektmanagement-agil-scrum\/","url":"https:\/\/global-players-consulting.de\/projektmanagement-seminare\/projektmanagement-agil-scrum\/","name":"Agile Trainings - Global Players Consulting GmbH","isPartOf":{"@id":"https:\/\/global-players-consulting.de\/#website"},"primaryImageOfPage":{"@id":"https:\/\/global-players-consulting.de\/projektmanagement-seminare\/projektmanagement-agil-scrum\/#primaryimage"},"image":{"@id":"https:\/\/global-players-consulting.de\/projektmanagement-seminare\/projektmanagement-agil-scrum\/#primaryimage"},"thumbnailUrl":"https:\/\/www.global-players-consulting.de\/wp-content\/uploads\/2018\/03\/Mr.Pro_AgileTrainings.png","datePublished":"2017-03-15T14:48:53+00:00","dateModified":"2018-05-24T13:16:50+00:00","description":"Agile Trainings. Agile Projektmanagement-Methoden setzen auf kurze Planungs- und Umsetzungszyklen mit kontinuierlichem Feedback.","breadcrumb":{"@id":"https:\/\/global-players-consulting.de\/projektmanagement-seminare\/projektmanagement-agil-scrum\/#breadcrumb"},"inLanguage":"en-US","potentialAction":[{"@type":"ReadAction","target":["https:\/\/global-players-consulting.de\/projektmanagement-seminare\/projektmanagement-agil-scrum\/"]}]},{"@type":"ImageObject","inLanguage":"en-US","@id":"https:\/\/global-players-consulting.de\/projektmanagement-seminare\/projektmanagement-agil-scrum\/#primaryimage","url":"https:\/\/www.global-players-consulting.de\/wp-content\/uploads\/2018\/03\/Mr.Pro_AgileTrainings.png","contentUrl":"https:\/\/www.global-players-consulting.de\/wp-content\/uploads\/2018\/03\/Mr.Pro_AgileTrainings.png"},{"@type":"BreadcrumbList","@id":"https:\/\/global-players-consulting.de\/projektmanagement-seminare\/projektmanagement-agil-scrum\/#breadcrumb","itemListElement":[{"@type":"ListItem","position":1,"name":"Startseite","item":"https:\/\/global-players-consulting.de\/"},{"@type":"ListItem","position":2,"name":"Projektmanagement Training","item":"https:\/\/global-players-consulting.de\/projektmanagement-seminare\/"},{"@type":"ListItem","position":3,"name":"Agile Trainings"}]},{"@type":"WebSite","@id":"https:\/\/global-players-consulting.de\/#website","url":"https:\/\/global-players-consulting.de\/","name":"Global Players Consulting GmbH","description":"Competence in Project Business","publisher":{"@id":"https:\/\/global-players-consulting.de\/#organization"},"potentialAction":[{"@type":"SearchAction","target":{"@type":"EntryPoint","urlTemplate":"https:\/\/global-players-consulting.de\/?s={search_term_string}"},"query-input":{"@type":"PropertyValueSpecification","valueRequired":true,"valueName":"search_term_string"}}],"inLanguage":"en-US"},{"@type":"Organization","@id":"https:\/\/global-players-consulting.de\/#organization","name":"Global Players Consulting GmbH","url":"https:\/\/global-players-consulting.de\/","logo":{"@type":"ImageObject","inLanguage":"en-US","@id":"https:\/\/global-players-consulting.de\/#\/schema\/logo\/image\/","url":"https:\/\/global-players-consulting.de\/wp-content\/uploads\/2017\/01\/cropped-cropped-GPC-Logo_ohne_Untertitel-2-1.png","contentUrl":"https:\/\/global-players-consulting.de\/wp-content\/uploads\/2017\/01\/cropped-cropped-GPC-Logo_ohne_Untertitel-2-1.png","width":615,"height":538,"caption":"Global Players Consulting GmbH"},"image":{"@id":"https:\/\/global-players-consulting.de\/#\/schema\/logo\/image\/"}}]}},"_links":{"self":[{"href":"https:\/\/global-players-consulting.de\/en\/wp-json\/wp\/v2\/pages\/841","targetHints":{"allow":["GET"]}}],"collection":[{"href":"https:\/\/global-players-consulting.de\/en\/wp-json\/wp\/v2\/pages"}],"about":[{"href":"https:\/\/global-players-consulting.de\/en\/wp-json\/wp\/v2\/types\/page"}],"author":[{"embeddable":true,"href":"https:\/\/global-players-consulting.de\/en\/wp-json\/wp\/v2\/users\/2"}],"replies":[{"embeddable":true,"href":"https:\/\/global-players-consulting.de\/en\/wp-json\/wp\/v2\/comments?post=841"}],"version-history":[{"count":30,"href":"https:\/\/global-players-consulting.de\/en\/wp-json\/wp\/v2\/pages\/841\/revisions"}],"predecessor-version":[{"id":2384,"href":"https:\/\/global-players-consulting.de\/en\/wp-json\/wp\/v2\/pages\/841\/revisions\/2384"}],"up":[{"embeddable":true,"href":"https:\/\/global-players-consulting.de\/en\/wp-json\/wp\/v2\/pages\/779"}],"wp:attachment":[{"href":"https:\/\/global-players-consulting.de\/en\/wp-json\/wp\/v2\/media?parent=841"}],"curies":[{"name":"wp","href":"https:\/\/api.w.org\/{rel}","templated":true}]}}