{"id":852,"date":"2017-03-15T16:47:01","date_gmt":"2017-03-15T15:47:01","guid":{"rendered":"http:\/\/www.global-players-consulting.de\/?page_id=852"},"modified":"2018-08-22T09:27:17","modified_gmt":"2018-08-22T07:27:17","slug":"projektmanagement-strategie","status":"publish","type":"page","link":"https:\/\/global-players-consulting.de\/en\/projektmanagement-seminare\/projektmanagement-strategie\/","title":{"rendered":"Individual Trainings &#038; Workshops"},"content":{"rendered":"<p><meta name=\"theme-color\" content=\"#003E90\"><\/p>\n<div class=\"accordion\">\n<section>\n<hgroup>\n  Targeted personal development \u2013 with our custom-fit and effective trainings<span class=\"pfeil\">\u25bc<\/span><br \/>\n <\/hgroup>\n<article>\n Your project team or your project professionals face huge or complex challenges and need professional advice and impulses for problem solving?<\/p>\n<p>Are you looking for targeted consulting, training for resolution of methodical or organisational problems?<\/p>\n<p><img decoding=\"async\" class=\"img\" src=\"https:\/\/www.global-players-consulting.de\/wp-content\/uploads\/2017\/03\/dart.png\" alt=\"Triple_Bullseye\"><\/p>\n<p>We are well-prepared for listening to your concern and for developing a concept proposal.<\/p>\n<p>Depending on the problem one up to two intensive workhops may be sufficient. Sometimes  temporary backstopping for a longer period and repeated retrospectives can be useful to achieve sustainable learning effects.<br \/>\n <\/article>\n<\/section>\n<section>\n<hgroup>\n  Individual Workshops &#038; Trainings \u2013 References<span class=\"pfeil\">\u25bc<\/span><br \/>\n <\/hgroup>\n<article>\n<div class=\"eingeklappt ueberpunkt\">\n   <span style=\"cursor:pointer;\" onclick=\"document.getElementById('gemeinsam_text').style.display='block';document.getElementById('gemeinsam_an').style.display='none';     document.getElementById('gemeinsam_zu').style.display='block'\" id=\"gemeinsam_an\" style=\"display: block\"><strong>Project Management Workshop for Digital-Marketing-Agency<\/strong> <span class=\"pfeil\">\u25bc<\/span><br \/>\n   <\/span><br \/>\n   <span onclick=\"document.getElementById('gemeinsam_text').style.display='none';document.getElementById('gemeinsam_an').style.display='block';document.getElementById('gemeinsam_zu').style.display='none'\"      id=\"gemeinsam_zu\" style=\"display: none;cursor:pointer\"><strong>Project Management Workshop for Digital-Marketing-Agency<\/strong> <span class=\"pfeil\">\u25b2<\/span><br \/>\n   <\/span>\n <\/div>\n<div id=\"gemeinsam_text\" class=\"ausgeklappt\" style=\"display: none\">\n<p>  In November 2016, we conducted a workshop with all employees of a Digital-Marketing-Agency in order to stabilize the internal process model for planning and execution of digital projects. Several interviews with management have preceded the workshop to determine key aspects. <\/p>\n<p>Courses and results highly exceeded expectations of participants and management. Moreover, we were able to give an impetus to collaborate in teams, with customers and partners. Further workshops took place in 2017 and will follow. <\/p><\/div>\n<div class=\"eingeklappt ueberpunkt\">\n   <span style=\"cursor:pointer;\" onclick=\"document.getElementById('zuh\u00f6ren_text').style.display='block';document.getElementById('zuh\u00f6ren_an').style.display='none';     document.getElementById('zuh\u00f6ren_zu').style.display='block'\" id=\"zuh\u00f6ren_an\" style=\"display: block\"><strong>Project Management Training for managers of a software company<\/strong> <span class=\"pfeil\">\u25bc<\/span><br \/>\n   <\/span><br \/>\n   <span onclick=\"document.getElementById('zuh\u00f6ren_text').style.display='none';document.getElementById('zuh\u00f6ren_an').style.display='block';document.getElementById('zuh\u00f6ren_zu').style.display='none'\"      id=\"zuh\u00f6ren_zu\" style=\"display: none;cursor:pointer\"><strong>Project Management Training for managers of a software company<\/strong> <span class=\"pfeil\">\u25b2<\/span><br \/>\n   <\/span>\n <\/div>\n<div id=\"zuh\u00f6ren_text\" class=\"ausgeklappt\" style=\"display: none\">\n<p>The owner-manager of a medium-sized software development company for food industry requested us to train his managers in terms of project management. They should take over more project responsibility, be more proactive and provide more professional customer care in terms of projects.<\/p>\n<p>We developed a stepwise approach in four workshops. <\/p><\/div>\n<div class=\"eingeklappt ueberpunkt\">\n   <span style=\"cursor:pointer;\" onclick=\"document.getElementById('free_text').style.display='block';document.getElementById('free_an').style.display='none';     document.getElementById('free_zu').style.display='block'\" id=\"free_an\" style=\"display: block\"><strong>Intensive-Training Project Management Manual<\/strong> <span class=\"pfeil\">\u25bc<\/span><br \/>\n   <\/span><br \/>\n   <span onclick=\"document.getElementById('free_text').style.display='none';document.getElementById('free_an').style.display='block';document.getElementById('free_zu').style.display='none'\"      id=\"free_zu\" style=\"display: none;cursor:pointer\"><strong>Intensive-Training Project Management Manual<\/strong> <span class=\"pfeil\">\u25b2<\/span><br \/>\n   <\/span>\n<\/div>\n<div id=\"free_text\" class=\"ausgeklappt\" style=\"display: none\">\n<p>We were asked by IT management of a utility company to conduct a one-day intensive training. The goal was to anchor application of a recently developed project management manual for IT projects in the heads of IT staff and service providers.  <\/p>\n<p>Training was repeated several times for different groups of participants. To evoke better understanding for manual guidelines and a faster and more effective application we integrated interactive elements and practical orientation.\n   <\/p><\/div>\n<\/article>\n<\/section>\n<\/div>\n<p><script src=\"https:\/\/ajax.googleapis.com\/ajax\/libs\/jquery\/1.6.2\/jquery.min.js\"><\/script><br \/>\n  <script src=\"https:\/\/global-players-consulting.de\/accordly.js\"><\/script><br \/>\n<script>\n  $('.accordion').accordy({\n    });\n<\/script><\/p>\n<div class=\"kacheln\">\n   <a href=\"https:\/\/www.global-players-consulting.de\/index.php\/projektmanagement-training\/projektmanagement-methoden\/\"><\/p>\n<div class=\"kachel\">Training <br \/>Point of View<\/div>\n<p><\/a><a href=\"https:\/\/www.global-players-consulting.de\/index.php\/projektmanagement-training\/projektmanagement-grundlagen\/\"><\/p>\n<div class=\"kachel\">Basic<br \/>Trainings<\/div>\n<p><\/a><a href=\"https:\/\/www.global-players-consulting.de\/index.php\/projektmanagement-training\/projektmanagement-intensivseminare\/\"><\/p>\n<div class=\"kachel\">Intensive<br \/>Trainings<\/div>\n<p><\/a><a href=\"https:\/\/www.global-players-consulting.de\/index.php\/projektmanagement-training\/projektmanagement-agil-scrum\/\"><\/p>\n<div class=\"kachel\">Agile<br \/>Trainings<\/div>\n<p><\/a><a href=\"https:\/\/www.global-players-consulting.de\/index.php\/projektmanagement-training\/projektmanagement-pmi\/\"><\/p>\n<div class=\"kachel\">PMI<sup>\u00ae<\/sup> &#038;<br \/>International PM<\/div>\n<p><\/a>\n<\/div>\n<p><\/p>","protected":false},"excerpt":{"rendered":"<p>Targeted personal development \u2013 with our custom-fit and effective trainings\u25bc Your project team or your project professionals face huge or complex challenges and need professional advice and impulses for problem solving? Are you looking for targeted consulting, training for resolution<\/p>\n","protected":false},"author":2,"featured_media":0,"parent":779,"menu_order":0,"comment_status":"closed","ping_status":"closed","template":"","meta":{"footnotes":""},"class_list":["post-852","page","type-page","status-publish","hentry"],"yoast_head":"<!-- This site is optimized with the Yoast SEO plugin v27.4 - https:\/\/yoast.com\/product\/yoast-seo-wordpress\/ -->\n<title>Individual Trainings &amp; Workshops - Global Players Consulting GmbH<\/title>\n<meta name=\"description\" content=\"Gezielte F\u00f6rderung \u2013 mit Individual Trainings &amp; Workshops. Gerne entwickeln wir f\u00fcr Sie einen Konzeptvorschlag mit konkreten L\u00f6sungsma\u00dfnahmen.\" \/>\n<meta name=\"robots\" content=\"index, follow, max-snippet:-1, max-image-preview:large, max-video-preview:-1\" \/>\n<link rel=\"canonical\" href=\"https:\/\/global-players-consulting.de\/projektmanagement-seminare\/projektmanagement-strategie\/\" \/>\n<meta property=\"og:locale\" content=\"en_US\" \/>\n<meta property=\"og:type\" content=\"article\" \/>\n<meta property=\"og:title\" content=\"Individual Trainings &amp; Workshops - Global Players Consulting GmbH\" \/>\n<meta property=\"og:description\" content=\"Gezielte F\u00f6rderung \u2013 mit Individual Trainings &amp; Workshops. Gerne entwickeln wir f\u00fcr Sie einen Konzeptvorschlag mit konkreten L\u00f6sungsma\u00dfnahmen.\" \/>\n<meta property=\"og:url\" content=\"https:\/\/global-players-consulting.de\/projektmanagement-seminare\/projektmanagement-strategie\/\" \/>\n<meta property=\"og:site_name\" content=\"Global Players Consulting GmbH\" \/>\n<meta property=\"article:modified_time\" content=\"2018-08-22T07:27:17+00:00\" \/>\n<meta property=\"og:image\" content=\"https:\/\/www.global-players-consulting.de\/wp-content\/uploads\/2018\/03\/Mr.Pro_IndividualTrainings.png\" \/>\n<meta name=\"twitter:card\" content=\"summary_large_image\" \/>\n<meta name=\"twitter:label1\" content=\"Est. reading time\" \/>\n\t<meta name=\"twitter:data1\" content=\"6 minutes\" \/>\n<script type=\"application\/ld+json\" class=\"yoast-schema-graph\">{\"@context\":\"https:\\\/\\\/schema.org\",\"@graph\":[{\"@type\":\"WebPage\",\"@id\":\"https:\\\/\\\/global-players-consulting.de\\\/projektmanagement-seminare\\\/projektmanagement-strategie\\\/\",\"url\":\"https:\\\/\\\/global-players-consulting.de\\\/projektmanagement-seminare\\\/projektmanagement-strategie\\\/\",\"name\":\"Individual Trainings & Workshops - Global Players Consulting GmbH\",\"isPartOf\":{\"@id\":\"https:\\\/\\\/global-players-consulting.de\\\/#website\"},\"primaryImageOfPage\":{\"@id\":\"https:\\\/\\\/global-players-consulting.de\\\/projektmanagement-seminare\\\/projektmanagement-strategie\\\/#primaryimage\"},\"image\":{\"@id\":\"https:\\\/\\\/global-players-consulting.de\\\/projektmanagement-seminare\\\/projektmanagement-strategie\\\/#primaryimage\"},\"thumbnailUrl\":\"https:\\\/\\\/www.global-players-consulting.de\\\/wp-content\\\/uploads\\\/2018\\\/03\\\/Mr.Pro_IndividualTrainings.png\",\"datePublished\":\"2017-03-15T15:47:01+00:00\",\"dateModified\":\"2018-08-22T07:27:17+00:00\",\"description\":\"Gezielte F\u00f6rderung \u2013 mit Individual Trainings & Workshops. Gerne entwickeln wir f\u00fcr Sie einen Konzeptvorschlag mit konkreten L\u00f6sungsma\u00dfnahmen.\",\"breadcrumb\":{\"@id\":\"https:\\\/\\\/global-players-consulting.de\\\/projektmanagement-seminare\\\/projektmanagement-strategie\\\/#breadcrumb\"},\"inLanguage\":\"en-US\",\"potentialAction\":[{\"@type\":\"ReadAction\",\"target\":[\"https:\\\/\\\/global-players-consulting.de\\\/projektmanagement-seminare\\\/projektmanagement-strategie\\\/\"]}]},{\"@type\":\"ImageObject\",\"inLanguage\":\"en-US\",\"@id\":\"https:\\\/\\\/global-players-consulting.de\\\/projektmanagement-seminare\\\/projektmanagement-strategie\\\/#primaryimage\",\"url\":\"https:\\\/\\\/www.global-players-consulting.de\\\/wp-content\\\/uploads\\\/2018\\\/03\\\/Mr.Pro_IndividualTrainings.png\",\"contentUrl\":\"https:\\\/\\\/www.global-players-consulting.de\\\/wp-content\\\/uploads\\\/2018\\\/03\\\/Mr.Pro_IndividualTrainings.png\"},{\"@type\":\"BreadcrumbList\",\"@id\":\"https:\\\/\\\/global-players-consulting.de\\\/projektmanagement-seminare\\\/projektmanagement-strategie\\\/#breadcrumb\",\"itemListElement\":[{\"@type\":\"ListItem\",\"position\":1,\"name\":\"Startseite\",\"item\":\"https:\\\/\\\/global-players-consulting.de\\\/\"},{\"@type\":\"ListItem\",\"position\":2,\"name\":\"Projektmanagement Training\",\"item\":\"https:\\\/\\\/global-players-consulting.de\\\/projektmanagement-seminare\\\/\"},{\"@type\":\"ListItem\",\"position\":3,\"name\":\"Individual Trainings &#038; Workshops\"}]},{\"@type\":\"WebSite\",\"@id\":\"https:\\\/\\\/global-players-consulting.de\\\/#website\",\"url\":\"https:\\\/\\\/global-players-consulting.de\\\/\",\"name\":\"Global Players Consulting GmbH\",\"description\":\"Competence in Project Business\",\"publisher\":{\"@id\":\"https:\\\/\\\/global-players-consulting.de\\\/#organization\"},\"potentialAction\":[{\"@type\":\"SearchAction\",\"target\":{\"@type\":\"EntryPoint\",\"urlTemplate\":\"https:\\\/\\\/global-players-consulting.de\\\/?s={search_term_string}\"},\"query-input\":{\"@type\":\"PropertyValueSpecification\",\"valueRequired\":true,\"valueName\":\"search_term_string\"}}],\"inLanguage\":\"en-US\"},{\"@type\":\"Organization\",\"@id\":\"https:\\\/\\\/global-players-consulting.de\\\/#organization\",\"name\":\"Global Players Consulting GmbH\",\"url\":\"https:\\\/\\\/global-players-consulting.de\\\/\",\"logo\":{\"@type\":\"ImageObject\",\"inLanguage\":\"en-US\",\"@id\":\"https:\\\/\\\/global-players-consulting.de\\\/#\\\/schema\\\/logo\\\/image\\\/\",\"url\":\"https:\\\/\\\/global-players-consulting.de\\\/wp-content\\\/uploads\\\/2017\\\/01\\\/cropped-cropped-GPC-Logo_ohne_Untertitel-2-1.png\",\"contentUrl\":\"https:\\\/\\\/global-players-consulting.de\\\/wp-content\\\/uploads\\\/2017\\\/01\\\/cropped-cropped-GPC-Logo_ohne_Untertitel-2-1.png\",\"width\":615,\"height\":538,\"caption\":\"Global Players Consulting GmbH\"},\"image\":{\"@id\":\"https:\\\/\\\/global-players-consulting.de\\\/#\\\/schema\\\/logo\\\/image\\\/\"}}]}<\/script>\n<!-- \/ Yoast SEO plugin. -->","yoast_head_json":{"title":"Individual Trainings & Workshops - Global Players Consulting GmbH","description":"Gezielte F\u00f6rderung \u2013 mit Individual Trainings & Workshops. Gerne entwickeln wir f\u00fcr Sie einen Konzeptvorschlag mit konkreten L\u00f6sungsma\u00dfnahmen.","robots":{"index":"index","follow":"follow","max-snippet":"max-snippet:-1","max-image-preview":"max-image-preview:large","max-video-preview":"max-video-preview:-1"},"canonical":"https:\/\/global-players-consulting.de\/projektmanagement-seminare\/projektmanagement-strategie\/","og_locale":"en_US","og_type":"article","og_title":"Individual Trainings & Workshops - Global Players Consulting GmbH","og_description":"Gezielte F\u00f6rderung \u2013 mit Individual Trainings & Workshops. Gerne entwickeln wir f\u00fcr Sie einen Konzeptvorschlag mit konkreten L\u00f6sungsma\u00dfnahmen.","og_url":"https:\/\/global-players-consulting.de\/projektmanagement-seminare\/projektmanagement-strategie\/","og_site_name":"Global Players Consulting GmbH","article_modified_time":"2018-08-22T07:27:17+00:00","og_image":[{"url":"https:\/\/www.global-players-consulting.de\/wp-content\/uploads\/2018\/03\/Mr.Pro_IndividualTrainings.png","type":"","width":"","height":""}],"twitter_card":"summary_large_image","twitter_misc":{"Est. reading time":"6 minutes"},"schema":{"@context":"https:\/\/schema.org","@graph":[{"@type":"WebPage","@id":"https:\/\/global-players-consulting.de\/projektmanagement-seminare\/projektmanagement-strategie\/","url":"https:\/\/global-players-consulting.de\/projektmanagement-seminare\/projektmanagement-strategie\/","name":"Individual Trainings & Workshops - Global Players Consulting GmbH","isPartOf":{"@id":"https:\/\/global-players-consulting.de\/#website"},"primaryImageOfPage":{"@id":"https:\/\/global-players-consulting.de\/projektmanagement-seminare\/projektmanagement-strategie\/#primaryimage"},"image":{"@id":"https:\/\/global-players-consulting.de\/projektmanagement-seminare\/projektmanagement-strategie\/#primaryimage"},"thumbnailUrl":"https:\/\/www.global-players-consulting.de\/wp-content\/uploads\/2018\/03\/Mr.Pro_IndividualTrainings.png","datePublished":"2017-03-15T15:47:01+00:00","dateModified":"2018-08-22T07:27:17+00:00","description":"Gezielte F\u00f6rderung \u2013 mit Individual Trainings & Workshops. Gerne entwickeln wir f\u00fcr Sie einen Konzeptvorschlag mit konkreten L\u00f6sungsma\u00dfnahmen.","breadcrumb":{"@id":"https:\/\/global-players-consulting.de\/projektmanagement-seminare\/projektmanagement-strategie\/#breadcrumb"},"inLanguage":"en-US","potentialAction":[{"@type":"ReadAction","target":["https:\/\/global-players-consulting.de\/projektmanagement-seminare\/projektmanagement-strategie\/"]}]},{"@type":"ImageObject","inLanguage":"en-US","@id":"https:\/\/global-players-consulting.de\/projektmanagement-seminare\/projektmanagement-strategie\/#primaryimage","url":"https:\/\/www.global-players-consulting.de\/wp-content\/uploads\/2018\/03\/Mr.Pro_IndividualTrainings.png","contentUrl":"https:\/\/www.global-players-consulting.de\/wp-content\/uploads\/2018\/03\/Mr.Pro_IndividualTrainings.png"},{"@type":"BreadcrumbList","@id":"https:\/\/global-players-consulting.de\/projektmanagement-seminare\/projektmanagement-strategie\/#breadcrumb","itemListElement":[{"@type":"ListItem","position":1,"name":"Startseite","item":"https:\/\/global-players-consulting.de\/"},{"@type":"ListItem","position":2,"name":"Projektmanagement Training","item":"https:\/\/global-players-consulting.de\/projektmanagement-seminare\/"},{"@type":"ListItem","position":3,"name":"Individual Trainings &#038; Workshops"}]},{"@type":"WebSite","@id":"https:\/\/global-players-consulting.de\/#website","url":"https:\/\/global-players-consulting.de\/","name":"Global Players Consulting GmbH","description":"Competence in Project Business","publisher":{"@id":"https:\/\/global-players-consulting.de\/#organization"},"potentialAction":[{"@type":"SearchAction","target":{"@type":"EntryPoint","urlTemplate":"https:\/\/global-players-consulting.de\/?s={search_term_string}"},"query-input":{"@type":"PropertyValueSpecification","valueRequired":true,"valueName":"search_term_string"}}],"inLanguage":"en-US"},{"@type":"Organization","@id":"https:\/\/global-players-consulting.de\/#organization","name":"Global Players Consulting GmbH","url":"https:\/\/global-players-consulting.de\/","logo":{"@type":"ImageObject","inLanguage":"en-US","@id":"https:\/\/global-players-consulting.de\/#\/schema\/logo\/image\/","url":"https:\/\/global-players-consulting.de\/wp-content\/uploads\/2017\/01\/cropped-cropped-GPC-Logo_ohne_Untertitel-2-1.png","contentUrl":"https:\/\/global-players-consulting.de\/wp-content\/uploads\/2017\/01\/cropped-cropped-GPC-Logo_ohne_Untertitel-2-1.png","width":615,"height":538,"caption":"Global Players Consulting GmbH"},"image":{"@id":"https:\/\/global-players-consulting.de\/#\/schema\/logo\/image\/"}}]}},"_links":{"self":[{"href":"https:\/\/global-players-consulting.de\/en\/wp-json\/wp\/v2\/pages\/852","targetHints":{"allow":["GET"]}}],"collection":[{"href":"https:\/\/global-players-consulting.de\/en\/wp-json\/wp\/v2\/pages"}],"about":[{"href":"https:\/\/global-players-consulting.de\/en\/wp-json\/wp\/v2\/types\/page"}],"author":[{"embeddable":true,"href":"https:\/\/global-players-consulting.de\/en\/wp-json\/wp\/v2\/users\/2"}],"replies":[{"embeddable":true,"href":"https:\/\/global-players-consulting.de\/en\/wp-json\/wp\/v2\/comments?post=852"}],"version-history":[{"count":31,"href":"https:\/\/global-players-consulting.de\/en\/wp-json\/wp\/v2\/pages\/852\/revisions"}],"predecessor-version":[{"id":2535,"href":"https:\/\/global-players-consulting.de\/en\/wp-json\/wp\/v2\/pages\/852\/revisions\/2535"}],"up":[{"embeddable":true,"href":"https:\/\/global-players-consulting.de\/en\/wp-json\/wp\/v2\/pages\/779"}],"wp:attachment":[{"href":"https:\/\/global-players-consulting.de\/en\/wp-json\/wp\/v2\/media?parent=852"}],"curies":[{"name":"wp","href":"https:\/\/api.w.org\/{rel}","templated":true}]}}