{"id":934,"date":"2017-03-31T10:38:13","date_gmt":"2017-03-31T08:38:13","guid":{"rendered":"http:\/\/www.global-players-consulting.de\/?page_id=934"},"modified":"2024-11-05T17:59:41","modified_gmt":"2024-11-05T16:59:41","slug":"projektmanagement-loesungen","status":"publish","type":"page","link":"https:\/\/global-players-consulting.de\/en\/projektmanagement-loesungen\/","title":{"rendered":"Project Management Solutions"},"content":{"rendered":"<p><meta name=\"theme-color\" content=\"#003E90\"><br \/>\n<center><strong>COOL TOOLS \u2013 BY GLOBAL PLAYERS CONSULTING<\/strong><\/center><\/p>\n<p><img decoding=\"async\" class=\"img\" src=\"https:\/\/www.global-players-consulting.de\/wp-content\/uploads\/2017\/03\/gleichgewicht.png\"><\/p>\n<p>While consulting, coaching and training our clients, they might ask us for tool recommendations that ease daily project work.<\/p>\n<p>Reinventing the wheel ist not necessary \u2013 thorough selection and scaling of fitting tools is crucial. <\/p>\n<p><strong>Project Management Solutions by Global Players Consulting\u2026<\/strong><\/p>\n<p>\u2026comprise <strong>well matching IT tools, methods and techniques to facilitate your project business effectively<\/strong> \u2013 from initiation via planning, execution, monitoring and controlling to closure.<\/p>\n<p>\u2026 are <strong>tailorable<\/strong> to size and complexity of your project portfolio. <\/p>\n<div class=\"kacheln\">\n<a href=\"https:\/\/www.global-players-consulting.de\/index.php\/projektmanagement-solutions\/projektmanagement-prozesse\/\"><\/p>\n<div class=\"kachel\">PM <br \/> by GPC<\/div>\n<p><\/a><a href=\"https:\/\/www.global-players-consulting.de\/index.php\/projektmanagement-solutions\/projektmanagement-agil-kanban-scrumban\/\"><\/p>\n<div class=\"kachel\">Pro-gile <br \/> Agile PM-Tool<\/div>\n<p><\/a>\n<\/div>\n<p><\/p>","protected":false},"excerpt":{"rendered":"<p>COOL TOOLS \u2013 BY GLOBAL PLAYERS CONSULTING While consulting, coaching and training our clients, they might ask us for tool recommendations that ease daily project work. Reinventing the wheel ist not necessary \u2013 thorough selection and scaling of fitting tools<\/p>\n","protected":false},"author":2,"featured_media":0,"parent":0,"menu_order":0,"comment_status":"closed","ping_status":"closed","template":"","meta":{"footnotes":""},"class_list":["post-934","page","type-page","status-publish","hentry"],"yoast_head":"<!-- This site is optimized with the Yoast SEO plugin v27.3 - https:\/\/yoast.com\/product\/yoast-seo-wordpress\/ -->\n<title>Project Management Solutions - Global Players Consulting GmbH<\/title>\n<meta name=\"description\" content=\"Unsere Projektmanagement L\u00f6sungen umfassen aufeinander abgestimmte IT-Tools, Methoden und Verfahren zur effizienten Unterst\u00fctzung Ihres Projektgesch\u00e4fts\" \/>\n<meta name=\"robots\" content=\"index, follow, max-snippet:-1, max-image-preview:large, max-video-preview:-1\" \/>\n<link rel=\"canonical\" href=\"https:\/\/global-players-consulting.de\/projektmanagement-loesungen\/\" \/>\n<meta property=\"og:locale\" content=\"en_US\" \/>\n<meta property=\"og:type\" content=\"article\" \/>\n<meta property=\"og:title\" content=\"Project Management Solutions - Global Players Consulting GmbH\" \/>\n<meta property=\"og:description\" content=\"{:de}Unsere Projektmanagement L\u00f6sungen umfassen aufeinander abgestimmte IT-Tools, Methoden und Verfahren zur effizienten Unterst\u00fctzung Ihres Projektgesch\u00e4fts{:}\" \/>\n<meta property=\"og:url\" content=\"https:\/\/global-players-consulting.de\/projektmanagement-loesungen\/\" \/>\n<meta property=\"og:site_name\" content=\"Global Players Consulting GmbH\" \/>\n<meta property=\"article:modified_time\" content=\"2024-11-05T16:59:41+00:00\" \/>\n<meta property=\"og:image\" content=\"https:\/\/www.global-players-consulting.de\/wp-content\/uploads\/2017\/03\/gleichgewicht.png\" \/>\n<meta name=\"twitter:card\" content=\"summary_large_image\" \/>\n<meta name=\"twitter:label1\" content=\"Est. reading time\" \/>\n\t<meta name=\"twitter:data1\" content=\"2 minutes\" \/>\n<script type=\"application\/ld+json\" class=\"yoast-schema-graph\">{\"@context\":\"https:\\\/\\\/schema.org\",\"@graph\":[{\"@type\":\"WebPage\",\"@id\":\"https:\\\/\\\/global-players-consulting.de\\\/projektmanagement-loesungen\\\/\",\"url\":\"https:\\\/\\\/global-players-consulting.de\\\/projektmanagement-loesungen\\\/\",\"name\":\"Project Management Solutions - Global Players Consulting GmbH\",\"isPartOf\":{\"@id\":\"https:\\\/\\\/global-players-consulting.de\\\/#website\"},\"primaryImageOfPage\":{\"@id\":\"https:\\\/\\\/global-players-consulting.de\\\/projektmanagement-loesungen\\\/#primaryimage\"},\"image\":{\"@id\":\"https:\\\/\\\/global-players-consulting.de\\\/projektmanagement-loesungen\\\/#primaryimage\"},\"thumbnailUrl\":\"https:\\\/\\\/www.global-players-consulting.de\\\/wp-content\\\/uploads\\\/2017\\\/03\\\/gleichgewicht.png\",\"datePublished\":\"2017-03-31T08:38:13+00:00\",\"dateModified\":\"2024-11-05T16:59:41+00:00\",\"description\":\"{:de}Unsere Projektmanagement L\u00f6sungen umfassen aufeinander abgestimmte IT-Tools, Methoden und Verfahren zur effizienten Unterst\u00fctzung Ihres Projektgesch\u00e4fts{:}\",\"breadcrumb\":{\"@id\":\"https:\\\/\\\/global-players-consulting.de\\\/projektmanagement-loesungen\\\/#breadcrumb\"},\"inLanguage\":\"en-US\",\"potentialAction\":[{\"@type\":\"ReadAction\",\"target\":[\"https:\\\/\\\/global-players-consulting.de\\\/projektmanagement-loesungen\\\/\"]}]},{\"@type\":\"ImageObject\",\"inLanguage\":\"en-US\",\"@id\":\"https:\\\/\\\/global-players-consulting.de\\\/projektmanagement-loesungen\\\/#primaryimage\",\"url\":\"https:\\\/\\\/www.global-players-consulting.de\\\/wp-content\\\/uploads\\\/2017\\\/03\\\/gleichgewicht.png\",\"contentUrl\":\"https:\\\/\\\/www.global-players-consulting.de\\\/wp-content\\\/uploads\\\/2017\\\/03\\\/gleichgewicht.png\"},{\"@type\":\"BreadcrumbList\",\"@id\":\"https:\\\/\\\/global-players-consulting.de\\\/projektmanagement-loesungen\\\/#breadcrumb\",\"itemListElement\":[{\"@type\":\"ListItem\",\"position\":1,\"name\":\"Startseite\",\"item\":\"https:\\\/\\\/global-players-consulting.de\\\/\"},{\"@type\":\"ListItem\",\"position\":2,\"name\":\"Projektmanagement Solutions\"}]},{\"@type\":\"WebSite\",\"@id\":\"https:\\\/\\\/global-players-consulting.de\\\/#website\",\"url\":\"https:\\\/\\\/global-players-consulting.de\\\/\",\"name\":\"Global Players Consulting GmbH\",\"description\":\"Competence in Project Business\",\"publisher\":{\"@id\":\"https:\\\/\\\/global-players-consulting.de\\\/#organization\"},\"potentialAction\":[{\"@type\":\"SearchAction\",\"target\":{\"@type\":\"EntryPoint\",\"urlTemplate\":\"https:\\\/\\\/global-players-consulting.de\\\/?s={search_term_string}\"},\"query-input\":{\"@type\":\"PropertyValueSpecification\",\"valueRequired\":true,\"valueName\":\"search_term_string\"}}],\"inLanguage\":\"en-US\"},{\"@type\":\"Organization\",\"@id\":\"https:\\\/\\\/global-players-consulting.de\\\/#organization\",\"name\":\"Global Players Consulting GmbH\",\"url\":\"https:\\\/\\\/global-players-consulting.de\\\/\",\"logo\":{\"@type\":\"ImageObject\",\"inLanguage\":\"en-US\",\"@id\":\"https:\\\/\\\/global-players-consulting.de\\\/#\\\/schema\\\/logo\\\/image\\\/\",\"url\":\"https:\\\/\\\/global-players-consulting.de\\\/wp-content\\\/uploads\\\/2017\\\/01\\\/cropped-cropped-GPC-Logo_ohne_Untertitel-2-1.png\",\"contentUrl\":\"https:\\\/\\\/global-players-consulting.de\\\/wp-content\\\/uploads\\\/2017\\\/01\\\/cropped-cropped-GPC-Logo_ohne_Untertitel-2-1.png\",\"width\":615,\"height\":538,\"caption\":\"Global Players Consulting GmbH\"},\"image\":{\"@id\":\"https:\\\/\\\/global-players-consulting.de\\\/#\\\/schema\\\/logo\\\/image\\\/\"}}]}<\/script>\n<!-- \/ Yoast SEO plugin. -->","yoast_head_json":{"title":"Project Management Solutions - Global Players Consulting GmbH","description":"Unsere Projektmanagement L\u00f6sungen umfassen aufeinander abgestimmte IT-Tools, Methoden und Verfahren zur effizienten Unterst\u00fctzung Ihres Projektgesch\u00e4fts","robots":{"index":"index","follow":"follow","max-snippet":"max-snippet:-1","max-image-preview":"max-image-preview:large","max-video-preview":"max-video-preview:-1"},"canonical":"https:\/\/global-players-consulting.de\/projektmanagement-loesungen\/","og_locale":"en_US","og_type":"article","og_title":"Project Management Solutions - Global Players Consulting GmbH","og_description":"{:de}Unsere Projektmanagement L\u00f6sungen umfassen aufeinander abgestimmte IT-Tools, Methoden und Verfahren zur effizienten Unterst\u00fctzung Ihres Projektgesch\u00e4fts{:}","og_url":"https:\/\/global-players-consulting.de\/projektmanagement-loesungen\/","og_site_name":"Global Players Consulting GmbH","article_modified_time":"2024-11-05T16:59:41+00:00","og_image":[{"url":"https:\/\/www.global-players-consulting.de\/wp-content\/uploads\/2017\/03\/gleichgewicht.png","type":"","width":"","height":""}],"twitter_card":"summary_large_image","twitter_misc":{"Est. reading time":"2 minutes"},"schema":{"@context":"https:\/\/schema.org","@graph":[{"@type":"WebPage","@id":"https:\/\/global-players-consulting.de\/projektmanagement-loesungen\/","url":"https:\/\/global-players-consulting.de\/projektmanagement-loesungen\/","name":"Project Management Solutions - Global Players Consulting GmbH","isPartOf":{"@id":"https:\/\/global-players-consulting.de\/#website"},"primaryImageOfPage":{"@id":"https:\/\/global-players-consulting.de\/projektmanagement-loesungen\/#primaryimage"},"image":{"@id":"https:\/\/global-players-consulting.de\/projektmanagement-loesungen\/#primaryimage"},"thumbnailUrl":"https:\/\/www.global-players-consulting.de\/wp-content\/uploads\/2017\/03\/gleichgewicht.png","datePublished":"2017-03-31T08:38:13+00:00","dateModified":"2024-11-05T16:59:41+00:00","description":"{:de}Unsere Projektmanagement L\u00f6sungen umfassen aufeinander abgestimmte IT-Tools, Methoden und Verfahren zur effizienten Unterst\u00fctzung Ihres Projektgesch\u00e4fts{:}","breadcrumb":{"@id":"https:\/\/global-players-consulting.de\/projektmanagement-loesungen\/#breadcrumb"},"inLanguage":"en-US","potentialAction":[{"@type":"ReadAction","target":["https:\/\/global-players-consulting.de\/projektmanagement-loesungen\/"]}]},{"@type":"ImageObject","inLanguage":"en-US","@id":"https:\/\/global-players-consulting.de\/projektmanagement-loesungen\/#primaryimage","url":"https:\/\/www.global-players-consulting.de\/wp-content\/uploads\/2017\/03\/gleichgewicht.png","contentUrl":"https:\/\/www.global-players-consulting.de\/wp-content\/uploads\/2017\/03\/gleichgewicht.png"},{"@type":"BreadcrumbList","@id":"https:\/\/global-players-consulting.de\/projektmanagement-loesungen\/#breadcrumb","itemListElement":[{"@type":"ListItem","position":1,"name":"Startseite","item":"https:\/\/global-players-consulting.de\/"},{"@type":"ListItem","position":2,"name":"Projektmanagement Solutions"}]},{"@type":"WebSite","@id":"https:\/\/global-players-consulting.de\/#website","url":"https:\/\/global-players-consulting.de\/","name":"Global Players Consulting GmbH","description":"Competence in Project Business","publisher":{"@id":"https:\/\/global-players-consulting.de\/#organization"},"potentialAction":[{"@type":"SearchAction","target":{"@type":"EntryPoint","urlTemplate":"https:\/\/global-players-consulting.de\/?s={search_term_string}"},"query-input":{"@type":"PropertyValueSpecification","valueRequired":true,"valueName":"search_term_string"}}],"inLanguage":"en-US"},{"@type":"Organization","@id":"https:\/\/global-players-consulting.de\/#organization","name":"Global Players Consulting GmbH","url":"https:\/\/global-players-consulting.de\/","logo":{"@type":"ImageObject","inLanguage":"en-US","@id":"https:\/\/global-players-consulting.de\/#\/schema\/logo\/image\/","url":"https:\/\/global-players-consulting.de\/wp-content\/uploads\/2017\/01\/cropped-cropped-GPC-Logo_ohne_Untertitel-2-1.png","contentUrl":"https:\/\/global-players-consulting.de\/wp-content\/uploads\/2017\/01\/cropped-cropped-GPC-Logo_ohne_Untertitel-2-1.png","width":615,"height":538,"caption":"Global Players Consulting GmbH"},"image":{"@id":"https:\/\/global-players-consulting.de\/#\/schema\/logo\/image\/"}}]}},"_links":{"self":[{"href":"https:\/\/global-players-consulting.de\/en\/wp-json\/wp\/v2\/pages\/934","targetHints":{"allow":["GET"]}}],"collection":[{"href":"https:\/\/global-players-consulting.de\/en\/wp-json\/wp\/v2\/pages"}],"about":[{"href":"https:\/\/global-players-consulting.de\/en\/wp-json\/wp\/v2\/types\/page"}],"author":[{"embeddable":true,"href":"https:\/\/global-players-consulting.de\/en\/wp-json\/wp\/v2\/users\/2"}],"replies":[{"embeddable":true,"href":"https:\/\/global-players-consulting.de\/en\/wp-json\/wp\/v2\/comments?post=934"}],"version-history":[{"count":30,"href":"https:\/\/global-players-consulting.de\/en\/wp-json\/wp\/v2\/pages\/934\/revisions"}],"predecessor-version":[{"id":3160,"href":"https:\/\/global-players-consulting.de\/en\/wp-json\/wp\/v2\/pages\/934\/revisions\/3160"}],"wp:attachment":[{"href":"https:\/\/global-players-consulting.de\/en\/wp-json\/wp\/v2\/media?parent=934"}],"curies":[{"name":"wp","href":"https:\/\/api.w.org\/{rel}","templated":true}]}}